{"id":12569,"date":"2025-10-23T14:33:38","date_gmt":"2025-10-23T12:33:38","guid":{"rendered":"https:\/\/triga.semtix.eu\/?page_id=12569"},"modified":"2025-10-23T14:59:09","modified_gmt":"2025-10-23T12:59:09","slug":"verarbeitung-personenbezogener-daten","status":"publish","type":"page","link":"https:\/\/triga.semtix.eu\/de\/verarbeitung-personenbezogener-daten\/","title":{"rendered":"Verarbeitung personenbezogener Daten"},"content":{"rendered":"<p>Diese Erkl\u00e4rung zur Verarbeitung personenbezogener Daten (nachfolgend \u201eErkl\u00e4rung\u201c genannt) stellt die Grundprinzipien dar, die TRIGA-MF spol. s r.o. mit Sitz in Rv\u00e1\u010dovsk\u00e1 1350, Lomnice nad Popelkou, 512 51, Firmen-ID: 609 16 826 (nachfolgend \u201eUnternehmen\u201c genannt) bei der Erhebung und Verarbeitung personenbezogener Daten befolgt.<br \/>\nDiese Erkl\u00e4rung regelt die grundlegenden Rechte und Pflichten des Unternehmens, die sich insbesondere aus den folgenden normativen Rechtsakten ergeben:<\/p>\n<ul>\n<li>Verordnung (EU) 2016\/679 des Europ\u00e4ischen Parlaments und des Rates zum Schutz nat\u00fcrlicher Personen bei der Verarbeitung personenbezogener Daten, zum freien Datenverkehr und zur Aufhebung der Richtlinie 95\/46\/EG (nachfolgend \u201eVerordnung\u201c genannt)<\/li>\n<li>Gesetz Nr. 480\/2004 Slg. \u00fcber bestimmte Dienste der Informationsgesellschaft und zur \u00c4nderung bestimmter Gesetze<br \/>\n(Gesetz \u00fcber bestimmte Dienste der Informationsgesellschaft), in der jeweils g\u00fcltigen Fassung;<\/li>\n<li>Gesetz Nr. 127\/2005 Slg. \u00fcber elektronische Kommunikation und zur \u00c4nderung bestimmter damit verbundener Gesetze<br \/>\n(Gesetz \u00fcber elektronische Kommunikation), in der jeweils g\u00fcltigen Fassung<\/li>\n<li>Gesetz Nr. 110\/2019 Slg. \u00fcber die Verarbeitung personenbezogener Daten<\/li>\n<\/ul>\n<h3>DEFINITION PERSONENBEZOGENER DATEN UND KATEGORISIERUNG VERARBEITETER DATEN<\/h3>\n<p>Gem\u00e4\u00df der Verordnung sind personenbezogene Daten alle Informationen \u00fcber eine identifizierte oder identifizierbare nat\u00fcrliche Person (keine juristische Person). Grunds\u00e4tzlich handelt es sich um alle Informationen, die einzeln oder in Kombination mit anderen Informationen zur Identifizierung einer bestimmten nat\u00fcrlichen Person dienen k\u00f6nnen (nachfolgend \u201epersonenbezogene Daten\u201c).<br \/>\nPersonenbezogene Daten sind insbesondere Daten, die in einem Registrierungs-, Bestell- oder sonstigen Formular angegeben oder dem Unternehmen per E-Mail, Telefon oder \u00fcber andere Fernkommunikationsmittel \u00fcbermittelt werden.<\/p>\n<h3>GRUNDS\u00c4TZE DER VERARBEITUNG PERSONENBEZOGENER DATEN<\/h3>\n<p>Das Unternehmen verarbeitet personenbezogene Daten:<\/p>\n<ul>\n<li>fair, rechtm\u00e4\u00dfig und transparent;<\/li>\n<li>nur f\u00fcr bestimmte, eindeutige und legitime Zwecke;<\/li>\n<li>in angemessenem Umfang;<\/li>\n<li>richtig und aktuell;<\/li>\n<li>nicht l\u00e4nger als f\u00fcr die Zwecke der Verarbeitung erforderlich;<\/li>\n<li>in einer Weise, die ihre angemessene Sicherheit gew\u00e4hrleistet, einschlie\u00dflich des Schutzes vor unbefugter<\/li>\n<\/ul>\n<p>oder unrechtm\u00e4\u00dfiger Verarbeitung sowie vor versehentlichem Verlust, Zerst\u00f6rung oder Besch\u00e4digung.<\/p>\n<h3>VERANTWORTLICHER<\/h3>\n<p><strong>Verantwortlicher ist:<\/strong><br \/>\nTRIGA-MF spol. s r.o.<br \/>\nmit Sitz in Rv\u00e1\u010dovsk\u00e1 1350, Lomnice nad Popelkou 512 51<br \/>\nHandelsregisternummer: 609 16 826<br \/>\neingetragen im Handelsregister des Bezirksgerichts Hradec Kr\u00e1lov\u00e9, Abschnitt C, Einlage 6568<br \/>\n(nachfolgend \u201eVerantwortlicher\u201c)<\/p>\n<p><strong>Kontaktdaten<\/strong>:<br \/>\ngdpr@triga.cz, Postanschrift (Lieferadresse): TRIGA-MF spol. s r.o., Rv\u00e1\u010dovsk\u00e1 1350, Lomnice nad Popelkou, 512 51<\/p>\n<h3>BETROFFENE PERSON<\/h3>\n<p>Eine betroffene Person ist eine nat\u00fcrliche Person, die dem Administrator ihre personenbezogenen Daten auf der Grundlage eines Kaufvertrags oder eines anderen Vertrags mit dem Administrator oder auf der Grundlage der Einwilligung zur Verarbeitung personenbezogener Daten im Rahmen des Abonnements von Newslettern des Administrators (nachfolgend \u201ebetroffene Person\u201c) zur Verf\u00fcgung gestellt hat. Eine betroffene Person kann auch eine nat\u00fcrliche Person sein, deren personenbezogene Daten der Administrator aus anderen rechtm\u00e4\u00dfigen Quellen erhalten hat.<\/p>\n<h3>UMFANG UND KATEGORIEN DER VERARBEITETEN PERSONENBEZOGENEN DATEN<\/h3>\n<p>Der Administrator verarbeitet personenbezogene Daten, soweit diese von betroffenen Personen bereitgestellt werden oder soweit der Administrator sie aus anderen rechtm\u00e4\u00dfigen Quellen erh\u00e4lt.<br \/>\nPersonenbezogene Daten sind insbesondere:<\/p>\n<ul>\n<li>Adress- und Identifikationsdaten zur eindeutigen und unverwechselbaren Identifizierung der betroffenen Person<br \/>\n(z. B. Vorname, Nachname, Titel, Geburtsdatum, Wohnsitz, Ausweisnummer, ID-Nummer, Umsatzsteuer-Identifikationsnummer)<\/li>\n<li>Daten zur Kontaktaufnahme mit der betroffenen Person (Kontaktdaten \u2013 z. B. Lieferadresse, Telefonnummer, E-Mail-Adresse und \u00e4hnliche Informationen)<\/li>\n<li>Bankdaten und andere f\u00fcr die Vertragserf\u00fcllung erforderliche Daten<\/li>\n<li>Aussehen und Bildinformationen von aufgenommenen Personen (Kameraaufnahmen)<\/li>\n<\/ul>\n<h3>ZWECK DER VERARBEITUNG PERSONENBEZOGENER DATEN (ALLGEMEINE EINWILLIGUNG)<\/h3>\n<p>Der Verantwortliche verarbeitet die personenbezogenen Daten der betroffenen Person zum Zweck der Erf\u00fcllung des zwischen ihm und der betroffenen Person geschlossenen Vertrags \u00fcber elektronische Fernkommunikationsmittel oder schriftlich, zur Erf\u00fcllung gesetzlicher Verpflichtungen und zum Zweck des Direktmarketings (d. h. des Angebots von Waren\/Produkten und Dienstleistungen des Verantwortlichen), einschlie\u00dflich des Versands kommerzieller Mitteilungen im Sinne des Gesetzes Nr. 480\/2004 Slg. \u00fcber bestimmte Dienste der Informationsgesellschaft. Der Administrator versendet kommerzielle Mitteilungen nur, wenn die betroffene Person sich f\u00fcr den Erhalt von Newslettern angemeldet und der Verarbeitung personenbezogener Daten zu Marketingzwecken zugestimmt hat.<\/p>\n<h3>ZWECK DER VERARBEITUNG PERSONENBEZOGENER DATEN (EINWILLIGUNG ZU MARKETINGZWECKEN)<\/h3>\n<p>Der Administrator verarbeitet personenbezogene Daten der betroffenen Person zur Erf\u00fcllung des zwischen ihm und der betroffenen Person geschlossenen Vertrags, sei es per Fernkommunikationsmittel oder schriftlich, zur Erf\u00fcllung gesetzlicher Verpflichtungen sowie zum Zwecke des Direktmarketings, der Bereitstellung von Angeboten und Informationen \u00fcber Aktivit\u00e4ten. Die betroffene Person hat die M\u00f6glichkeit, sich einfach und kostenlos vom Newsletter abzumelden.<\/p>\n<h3>BEWERTUNG DER NOTWENDIGKEIT DER VERARBEITUNG<\/h3>\n<p>Der Administrator legt Wert auf den Schutz der Privatsph\u00e4re der betroffenen Person und verarbeitet daher nur personenbezogene Daten, die f\u00fcr die angegebenen Verarbeitungszwecke unbedingt erforderlich sind.<\/p>\n<h3>RECHTSGRUNDLAGE F\u00dcR DIE VERARBEITUNG PERSONENBEZOGENER DATEN<\/h3>\n<p>Rechtsgrundlage f\u00fcr die Verarbeitung zu Zwecken des Direktmarketings ist die Einwilligung der betroffenen Person in die Verarbeitung personenbezogener Daten (Abonnement von Newslettern) oder das berechtigte Interesse des Verantwortlichen (elektronische Kontaktaufnahme im Zusammenhang mit dem Verkauf eines Produkts oder der Erbringung einer Dienstleistung durch den Verantwortlichen gem\u00e4\u00df Gesetz Nr. 480\/2004 Slg.). In anderen F\u00e4llen ist die Rechtsgrundlage f\u00fcr die Verarbeitung die Vertragserf\u00fcllung (Abwicklung von Rechten und Pflichten), der Schutz der berechtigten Interessen des Verantwortlichen (Schutz des Eigentums, Sicherheit der Website, Geltendmachung von Anspr\u00fcchen aus dem Vertrag in Gerichtsverfahren usw.), die F\u00fchrung von Buchhaltungsunterlagen und anderen vorgeschriebenen Aufzeichnungen (einschlie\u00dflich Verwaltungszwecken) sowie die Erf\u00fcllung gesetzlicher Verpflichtungen aus besonderen Rechtsvorschriften (z. B. Vorschriften zur Verbrechensverh\u00fctung usw.).<\/p>\n<h3>VERARBEITUNG PERSONENBEZOGENER DATEN<\/h3>\n<p>Die Verarbeitung personenbezogener Daten erfolgt durch den Verantwortlichen. Die Verarbeitung erfolgt in seinen R\u00e4umlichkeiten, Niederlassungen und am Firmensitz durch seine autorisierten Mitarbeiter.<br \/>\nDie Verarbeitung erfolgt computergest\u00fctzt oder alternativ manuell in Papierform unter Einhaltung aller Sicherheitsgrunds\u00e4tze f\u00fcr die Verwaltung und Verarbeitung personenbezogener Daten. Zu diesem Zweck hat der Verantwortliche technische und organisatorische Ma\u00dfnahmen zum Schutz personenbezogener Daten ergriffen, insbesondere Ma\u00dfnahmen zum Schutz vor unbefugtem oder versehentlichem Zugriff auf personenbezogene Daten, deren Ver\u00e4nderung, Zerst\u00f6rung oder Verlust, unbefugter \u00dcbermittlung, unbefugter Verarbeitung sowie sonstigem Missbrauch personenbezogener Daten.<br \/>\nBei der Verarbeitung personenbezogener Daten findet kein Profiling auf Grundlage automatisierter Verarbeitung statt.<br \/>\nPersonenbezogene Daten werden nicht in Drittl\u00e4nder \u00fcbermittelt.<\/p>\n<h3>PERSONEN MIT ZUGRIFF AUF PERSONENBEZOGENE DATEN<\/h3>\n<p>Der Verantwortliche vertraut personenbezogene Daten nur Partnern an, die eine ausreichende technische und organisatorische Datensicherheit gew\u00e4hrleisten k\u00f6nnen, um einen unbefugten oder versehentlichen Zugriff auf die Daten oder deren Missbrauch zu verhindern.<br \/>\nPartner sind zur Vertraulichkeit verpflichtet und d\u00fcrfen die bereitgestellten Daten nur f\u00fcr den Zweck verwenden, f\u00fcr den sie ihnen zur Verf\u00fcgung gestellt wurden.<br \/>\nDritte, die je nach Art der Lieferung oder der erbrachten bzw. genutzten Dienstleistung Zugriff auf personenbezogene Daten haben k\u00f6nnen, sind:<br \/>\n(I) Vertragspartner f\u00fcr die Durchf\u00fchrung (Erf\u00fcllung) von Auftr\u00e4gen, sei es als Subunternehmer oder Anbieter von<br \/>\nTransport- und anderen Dienstleistungen im Zusammenhang mit der Lieferung (Lieferung) von Waren (Produkten);<br \/>\n(II) Personen, die den technischen Betrieb eines bestimmten Dienstes sicherstellen, oder Betreiber der technologischen Infrastruktur<br \/>\n(insbesondere IKT-Dienste);<br \/>\n(III) Personen, die dem Administrator andere Dienstleistungen erbringen (Arbeitsschutz, Schulung, Weiterbildung, Rechts-, Steuer-, Wirtschaftsberatung usw.);<br \/>\n(IV) Personen, die f\u00fcr die ausreichende Sicherheit und Integrit\u00e4t der Dienste und der Website sorgen;<br \/>\n(v) \u200b\u200bZahlungsdienstleister und Zahlungsabwickler zur Sicherung des Geldtransfers und der Durchf\u00fchrung von Zahlungstransaktionen;<br \/>\n(VI) Gesch\u00e4ftspartner, die an der Organisation von Werbeveranstaltungen, Konferenzen, Workshops, Seminaren usw. beteiligt sind.<br \/>\nUnter bestimmten, genau festgelegten Voraussetzungen ist der Verantwortliche gesetzlich verpflichtet, bestimmte personenbezogene Daten an an Strafverfahren beteiligte Stellen oder an staatliche oder lokale Beh\u00f6rden weiterzugeben.<\/p>\n<h3>DAUER DER VERARBEITUNG PERSONENBEZOGENER DATEN<\/h3>\n<p>Bei personenbezogenen Daten, die zur Erf\u00fcllung des Vertragsgegenstands verarbeitet werden, verarbeitet der Verantwortliche die personenbezogenen Daten f\u00fcr die Dauer des Vertragsverh\u00e4ltnisses und anschlie\u00dfend f\u00fcr weitere 10 Jahre unter Ber\u00fccksichtigung der Verj\u00e4hrungsfrist f\u00fcr Schadensersatzanspr\u00fcche. Bei Verarbeitungen zur Erf\u00fcllung einer rechtlichen Verpflichtung verarbeitet der Verantwortliche die personenbezogenen Daten f\u00fcr den gesetzlich festgelegten Zeitraum. Die konkrete Verarbeitungsdauer ergibt sich auch aus dem Zweck, zu dem die personenbezogenen Daten verarbeitet werden. Im Falle personenbezogener Daten, die auf der Grundlage der ausdr\u00fccklichen Zustimmung der betroffenen Person verarbeitet werden, verarbeitet der Administrator personenbezogene Daten f\u00fcr den in dieser Zustimmung angegebenen Zeitraum (sofern in der Zustimmung ein bestimmter Zeitraum angegeben ist) oder bis zum Zeitpunkt des Widerrufs der Zustimmung zur Verarbeitung personenbezogener Daten. Personenbezogene Daten, die f\u00fcr die ordnungsgem\u00e4\u00dfe Lieferung von Waren und\/oder Erbringung von Dienstleistungen oder zur Erf\u00fcllung von Verpflichtungen aus einem Vertrag oder gesetzlichen Bestimmungen erforderlich sind, m\u00fcssen vom Administrator unabh\u00e4ngig von der erteilten Zustimmung f\u00fcr den in den einschl\u00e4gigen gesetzlichen Bestimmungen angegebenen Zeitraum oder in \u00dcbereinstimmung mit diesen verarbeitet werden, auch nach einem m\u00f6glichen Widerruf der Zustimmung.<\/p>\n<h3>COOKIES<\/h3>\n<p>Cookies sind kleine Textdateien, die bestimmte Informationen f\u00fcr einen begrenzten Zeitraum speichern. Beim ersten Besuch einer Website l\u00e4dt der Browser diese Dateien automatisch herunter und speichert sie auf dem Ger\u00e4t (Computer, Tablet, Smartphone usw.). Eine Cookie-Datei enth\u00e4lt mindestens zwei Komponenten: den Namen und den Wert der Datei.<br \/>\nSie enth\u00e4lt in der Regel auch ein Datum, an dem sie automatisch gel\u00f6scht wird (dieses wird entsprechend der geplanten Lebensdauer der Datei festgelegt). Man unterscheidet zwischen Sitzungscookies und dauerhaften Cookies. Sitzungscookies werden unmittelbar nach Beendigung der jeweiligen Browsersitzung automatisch gel\u00f6scht. Dauerhafte Cookies bleiben f\u00fcr die gesamte Lebensdauer des jeweiligen Cookies auf dem Computer gespeichert und werden erst nach Ablauf des angegebenen Zeitraums gel\u00f6scht.<br \/>\nCookies werden im Allgemeinen verwendet, um Websites effizienter und benutzerfreundlicher zu gestalten. Sie k\u00f6nnen Daten zur Funktion oder Anzeige von Seiten enthalten oder es Websites erm\u00f6glichen, sich Aktivit\u00e4ten oder Pr\u00e4ferenzen f\u00fcr einen bestimmten Zeitraum zu merken.<\/p>\n<h3>\u00dcBERSICHT DER VERWENDETEN COOKIES<\/h3>\n<p>Es werden nur technische\/funktionale Cookies verwendet, die f\u00fcr die Anzeige und Funktion der Websites erforderlich sind.<br \/>\nF\u00fcr die Funktionalit\u00e4t der Website notwendige Cookies werden stets nur so lange gespeichert, wie es f\u00fcr deren Funktion unbedingt erforderlich ist.<br \/>\nIn den Browsereinstellungen (Chrome, Firefox, Internet Explorer, Seznam, Android, Microsoft Edge usw.) kann die Berechtigung zur Verwendung von Cookies angepasst werden, um den Nutzerbed\u00fcrfnissen besser gerecht zu werden. Die meisten Browser erm\u00f6glichen es, alle Cookies zu akzeptieren oder zu l\u00f6schen oder nur bestimmte Arten von Cookies zuzulassen.<br \/>\nSie k\u00f6nnen die Speicherung von Cookies auf Ihrem Endger\u00e4t verhindern, indem Sie in den Browsereinstellungen die Funktion \u201eCookies nicht akzeptieren\u201c ausw\u00e4hlen.<br \/>\nDie Einwilligung zur Verwendung von Cookies auf der Website www.triga.cz k\u00f6nnen Sie auf der Seite \u201eCookie-Einstellungen\u201c vornehmen.<\/p>\n<h3>RECHTE DER BETROFFENEN PERSONEN<\/h3>\n<p>Gem\u00e4\u00df Artikel 12 der Verordnung informiert der Verantwortliche die betroffene Person auf Anfrage \u00fcber ihr Recht auf Auskunft \u00fcber personenbezogene Daten und erteilt ihr folgende Informationen:<br \/>\n(I) den Zweck der Verarbeitung;<br \/>\n(II) die Kategorie der betroffenen personenbezogenen Daten, den oder die Empf\u00e4nger, denen die personenbezogenen Daten bereitgestellt wurden oder werden;<br \/>\n(III) die geplante Dauer der Speicherung der personenbezogenen Daten.<br \/>\nRecht auf Auskunft und Zugriff auf die Verarbeitung personenbezogener Daten: Die betroffene Person hat das Recht, Auskunft dar\u00fcber zu erhalten, ob ihre personenbezogenen Daten verarbeitet werden, und, falls ja, Zugriff auf diese Daten zu erhalten. Bei unbegr\u00fcndeten, unangemessenen oder wiederholten Anfragen ist der Administrator berechtigt, eine angemessene Geb\u00fchr f\u00fcr eine Kopie der bereitgestellten personenbezogenen Daten zu verlangen oder die Anfrage abzulehnen (das Vorstehende gilt entsprechend f\u00fcr die Aus\u00fcbung der unten aufgef\u00fchrten Rechte).<br \/>\nRecht auf Berichtigung und Vervollst\u00e4ndigung personenbezogener Daten: Die betroffene Person hat das Recht, die Berichtigung unrichtiger Daten und die Vervollst\u00e4ndigung unvollst\u00e4ndiger Daten zu verlangen. Der Administrator berichtigt oder vervollst\u00e4ndigt die Daten unverz\u00fcglich unter Ber\u00fccksichtigung der technischen M\u00f6glichkeiten.<br \/>\nRecht auf Einschr\u00e4nkung der Verarbeitung personenbezogener Daten: Wenn die betroffene Person die Einschr\u00e4nkung der Verarbeitung beantragt, wird der Administrator die personenbezogenen Daten sperren, vor\u00fcbergehend l\u00f6schen oder speichern oder andere Verarbeitungsvorg\u00e4nge durchf\u00fchren, die f\u00fcr die ordnungsgem\u00e4\u00dfe Aus\u00fcbung des ausge\u00fcbten Rechts erforderlich sind.<\/p>\n<p>Recht auf L\u00f6schung (Recht auf Vergessenwerden) in bestimmten F\u00e4llen: Wenn die betroffene Person die L\u00f6schung beantragt,<br \/>\nl\u00f6scht der Verantwortliche personenbezogene Daten, wenn (i) diese f\u00fcr die Zwecke, f\u00fcr die sie erhoben oder anderweitig verarbeitet wurden, nicht mehr erforderlich sind, (ii) die Verarbeitung unrechtm\u00e4\u00dfig ist, (iii) Einw\u00e4nde gegen die Verarbeitung vorliegen und keine vorrangigen berechtigten Gr\u00fcnde f\u00fcr die Verarbeitung der personenbezogenen Daten vorliegen oder (iv) der Verantwortliche aufgrund einer gesetzlichen Verpflichtung zur Datenverarbeitung verpflichtet ist.<br \/>\nRecht auf Daten\u00fcbertragbarkeit: Wenn die betroffene Person w\u00fcnscht, dass der Verantwortliche die personenbezogenen Daten an einen Dritten \u00fcbermittelt, kann die betroffene Person ihr Recht auf Daten\u00fcbertragbarkeit aus\u00fcben. Wenn die Aus\u00fcbung dieses Rechts die Rechte und Freiheiten anderer Personen beeintr\u00e4chtigen w\u00fcrde, kann der Verantwortliche dem Antrag nicht nachkommen.<br \/>\nWiderspruchsrecht: Das Recht, der Verarbeitung personenbezogener Daten zu widersprechen, die zur Erf\u00fcllung einer Aufgabe im \u00f6ffentlichen Interesse oder in Aus\u00fcbung \u00f6ffentlicher Gewalt oder zum Schutz der berechtigten Interessen des Verantwortlichen verarbeitet werden. Kann der Verantwortliche nicht nachweisen, dass zwingende schutzw\u00fcrdige Gr\u00fcnde f\u00fcr die Verarbeitung vorliegen, die die Interessen oder Rechte und Freiheiten des Kunden \u00fcberwiegen, wird die auf dem Widerspruch beruhende Verarbeitung unverz\u00fcglich beendet. Beschwerderecht beim Amt f\u00fcr den Schutz personenbezogener Daten (www.uoou.gov.cz): Die betroffene Person kann Beschwerde bei der Aufsichtsbeh\u00f6rde unter der Adresse Pplk. Sochora 727\/27, Prag 7, 170 00, oder per Postfach an folgende Adresse einreichen:<br \/>\nqkbaa2n oder per E-Mail: posta@uoou.cz<\/p>\n<h3>WIDERRUF DER EINWILLIGUNG ZUR VERARBEITUNG PERSONENBEZOGENER DATEN<\/h3>\n<p>Die betroffene Person, die dem Administrator ihre Einwilligung zur Verarbeitung personenbezogener Daten erteilt hat, kann ihre freiwillig erteilte Einwilligung zur Verarbeitung personenbezogener Daten jederzeit kostenlos elektronisch an gdpr@triga.cz oder schriftlich an den Sitz des Administrators widerrufen.<br \/>\nIm Falle eines Widerrufs der Einwilligung ist der Administrator verpflichtet, die aufgrund der widerrufenen Einwilligung erhaltenen personenbezogenen Daten zu l\u00f6schen oder zu anonymisieren, sofern keine anderen (rechtlichen) Gr\u00fcnde f\u00fcr ihre weitere Verarbeitung vorliegen.<\/p>\n","protected":false},"excerpt":{"rendered":"<p>Diese Erkl\u00e4rung zur Verarbeitung personenbezogener Daten (nachfolgend \u201eErkl\u00e4rung\u201c genannt) stellt die Grundprinzipien dar, die TRIGA-MF spol. s r.o. mit Sitz in Rv\u00e1\u010dovsk\u00e1 1350, Lomnice nad Popelkou,&#8230;<\/p>\n","protected":false},"author":2,"featured_media":-1,"parent":0,"menu_order":0,"comment_status":"closed","ping_status":"closed","template":"","meta":{"_acf_changed":false,"footnotes":""},"class_list":["post-12569","page","type-page","status-publish","has-post-thumbnail","hentry"],"acf":[],"_links":{"self":[{"href":"https:\/\/triga.semtix.eu\/de\/wp-json\/wp\/v2\/pages\/12569","targetHints":{"allow":["GET"]}}],"collection":[{"href":"https:\/\/triga.semtix.eu\/de\/wp-json\/wp\/v2\/pages"}],"about":[{"href":"https:\/\/triga.semtix.eu\/de\/wp-json\/wp\/v2\/types\/page"}],"author":[{"embeddable":true,"href":"https:\/\/triga.semtix.eu\/de\/wp-json\/wp\/v2\/users\/2"}],"replies":[{"embeddable":true,"href":"https:\/\/triga.semtix.eu\/de\/wp-json\/wp\/v2\/comments?post=12569"}],"version-history":[{"count":5,"href":"https:\/\/triga.semtix.eu\/de\/wp-json\/wp\/v2\/pages\/12569\/revisions"}],"predecessor-version":[{"id":12579,"href":"https:\/\/triga.semtix.eu\/de\/wp-json\/wp\/v2\/pages\/12569\/revisions\/12579"}],"wp:featuredmedia":[{"embeddable":true,"href":"https:\/\/triga.semtix.eu\/de\/wp-json\/"}],"wp:attachment":[{"href":"https:\/\/triga.semtix.eu\/de\/wp-json\/wp\/v2\/media?parent=12569"}],"curies":[{"name":"wp","href":"https:\/\/api.w.org\/{rel}","templated":true}]}}