{"id":6258,"date":"2024-09-20T10:33:33","date_gmt":"2024-09-20T08:33:33","guid":{"rendered":"https:\/\/triga.semtix.eu\/warenkorb\/"},"modified":"2025-07-10T12:18:22","modified_gmt":"2025-07-10T10:18:22","slug":"warenkorb","status":"publish","type":"page","link":"https:\/\/triga.semtix.eu\/de\/warenkorb\/","title":{"rendered":"Warenkorb"},"content":{"rendered":"\n<div data-block-name=\"woocommerce\/cart\" class=\"wp-block-woocommerce-cart alignwide is-loading\">\n<div data-block-name=\"woocommerce\/filled-cart-block\" class=\"wp-block-woocommerce-filled-cart-block\">\n<div data-block-name=\"woocommerce\/cart-items-block\" class=\"wp-block-woocommerce-cart-items-block\">\n<div data-block-name=\"woocommerce\/cart-line-items-block\" class=\"wp-block-woocommerce-cart-line-items-block\"><\/div>\n\n\n\n<div data-block-name=\"woocommerce\/cart-cross-sells-block\" class=\"wp-block-woocommerce-cart-cross-sells-block\">\n<h2 class=\"wp-block-heading has-large-font-size\">Das interessiert dich vielleicht\u00a0\u2026<\/h2>\n\n\n\n<div data-block-name=\"woocommerce\/cart-cross-sells-products-block\" class=\"wp-block-woocommerce-cart-cross-sells-products-block\"><\/div>\n<\/div>\n<\/div>\n\n\n\n<div data-block-name=\"woocommerce\/cart-totals-block\" class=\"wp-block-woocommerce-cart-totals-block\">\n<div data-block-name=\"woocommerce\/cart-order-summary-block\" class=\"wp-block-woocommerce-cart-order-summary-block\">\n<div data-block-name=\"woocommerce\/cart-order-summary-heading-block\" class=\"wp-block-woocommerce-cart-order-summary-heading-block\"><\/div><div data-block-name=\"woocommerce\/cart-order-summary-coupon-form-block\" class=\"wp-block-woocommerce-cart-order-summary-coupon-form-block\"><\/div><div data-block-name=\"woocommerce\/cart-order-summary-totals-block\" class=\"wp-block-woocommerce-cart-order-summary-totals-block\">\n<div data-block-name=\"woocommerce\/cart-order-summary-subtotal-block\" class=\"wp-block-woocommerce-cart-order-summary-subtotal-block\"><\/div>\n<div data-block-name=\"woocommerce\/cart-order-summary-discount-block\" class=\"wp-block-woocommerce-cart-order-summary-discount-block\"><\/div>\n<div data-block-name=\"woocommerce\/cart-order-summary-fee-block\" class=\"wp-block-woocommerce-cart-order-summary-fee-block\"><\/div>\n<div data-block-name=\"woocommerce\/cart-order-summary-shipping-block\" class=\"wp-block-woocommerce-cart-order-summary-shipping-block\"><\/div>\n<div data-block-name=\"woocommerce\/cart-order-summary-taxes-block\" class=\"wp-block-woocommerce-cart-order-summary-taxes-block\"><\/div><\/div>\n<\/div>\n\n\n\n<div data-block-name=\"woocommerce\/cart-express-payment-block\" class=\"wp-block-woocommerce-cart-express-payment-block\"><\/div>\n\n\n\n<div data-block-name=\"woocommerce\/proceed-to-checkout-block\" class=\"wp-block-woocommerce-proceed-to-checkout-block\"><\/div>\n\n\n\n<div data-block-name=\"woocommerce\/cart-accepted-payment-methods-block\" class=\"wp-block-woocommerce-cart-accepted-payment-methods-block\"><\/div>\n<\/div>\n<\/div>\n\n\n\n<div data-block-name=\"woocommerce\/empty-cart-block\" class=\"wp-block-woocommerce-empty-cart-block\">\n<h2 class=\"wp-block-heading has-text-align-center with-empty-cart-icon wc-block-cart__empty-cart__title\">Dein Warenkorb ist gerade leer!<\/h2>\n\n\n\n<hr class=\"wp-block-separator has-alpha-channel-opacity is-style-dots\"\/>\n\n\n\n<h2 class=\"wp-block-heading has-text-align-center\">Neu im Shop<\/h2>\n\n\n<div data-block-name=\"woocommerce\/product-new\" data-columns=\"4\" data-rows=\"1\" class=\"wc-block-grid wp-block-product-new wp-block-woocommerce-product-new wc-block-product-new has-4-columns\"><ul class=\"wc-block-grid__products\"><li class=\"wc-block-grid__product\"><span class=\"gtm4wp_productdata\" style=\"display:none; visibility:hidden;\" data-gtm4wp_product_data=\"{&quot;internal_id&quot;:12782,&quot;item_id&quot;:12782,&quot;item_name&quot;:&quot;Paletiza\\u010dn\\u00ed vidle&quot;,&quot;sku&quot;:&quot;PZV-3-(\\u0160)-(D)-(N)1200-13001000-15003,0-5,0 \\u00a0&quot;,&quot;price&quot;:0,&quot;stocklevel&quot;:null,&quot;stockstatus&quot;:&quot;instock&quot;,&quot;google_business_vertical&quot;:&quot;retail&quot;,&quot;item_category&quot;:&quot;Zem\\u011bd\\u011blsk\\u00e9 stroje&quot;,&quot;id&quot;:12782,&quot;item_brand&quot;:&quot;&quot;,&quot;productlink&quot;:&quot;https:\\\/\\\/triga.semtix.eu\\\/de\\\/produkt\\\/paletizacni-vidle-2\\\/&quot;,&quot;item_list_name&quot;:&quot;General Product List&quot;,&quot;index&quot;:0,&quot;product_type&quot;:&quot;variable&quot;}\"><\/span>\n\t\t\t\t<a href=\"https:\/\/triga.semtix.eu\/de\/produkt\/paletizacni-vidle-2\/\" class=\"wc-block-grid__product-link\">\n\t\t\t\t\t\n\t\t\t\t\t<div class=\"wc-block-grid__product-image\"><img loading=\"lazy\" decoding=\"async\" width=\"800\" height=\"800\" src=\"https:\/\/triga.semtix.eu\/wp-content\/uploads\/2026\/02\/pzv-zemedelci-800x800.webp\" class=\"attachment-woocommerce_thumbnail size-woocommerce_thumbnail\" alt=\"Paletiza\u010dn\u00ed vidle\" srcset=\"https:\/\/triga.semtix.eu\/wp-content\/uploads\/2026\/02\/pzv-zemedelci.webp 800w, https:\/\/triga.semtix.eu\/wp-content\/uploads\/2026\/02\/pzv-zemedelci-150x150.webp 150w, https:\/\/triga.semtix.eu\/wp-content\/uploads\/2026\/02\/pzv-zemedelci-300x300.webp 300w\" sizes=\"auto, (max-width:767px) 767px, (max-width:800px) 100vw, 800px\" \/><\/div>\n\t\t\t\t\t<div class=\"wc-block-grid__product-title\">Paletiza\u010dn\u00ed vidle<\/div>\n\t\t\t\t<\/a>\n\t\t\t\t<div class=\"wc-block-grid__product-price price\"><span class=\"woocommerce-Price-amount amount\">0,00&nbsp;<span class=\"woocommerce-Price-currencySymbol\">&#075;&#269;<\/span><\/span><\/div>\n\t\t\t\t\n\t\t\t\t<div class=\"wp-block-button wc-block-grid__product-add-to-cart\"><a href=\"https:\/\/triga.semtix.eu\/de\/produkt\/paletizacni-vidle-2\/\" aria-label=\"W\u00e4hle Optionen f\u00fcr \u201ePaletiza\u010dn\u00ed vidle\u201c\" data-quantity=\"1\" data-product_id=\"12782\" data-product_sku=\"PZV-3-(\u0160)-(D)-(N)1200-13001000-15003,0-5,0 \u00a0\" data-price=\"0\" rel=\"nofollow\" class=\"wp-block-button__link  add_to_cart_button\">Ausf\u00fchrung w\u00e4hlen<\/a><\/div>\n\t\t\t<\/li><li class=\"wc-block-grid__product\"><span class=\"gtm4wp_productdata\" style=\"display:none; visibility:hidden;\" data-gtm4wp_product_data=\"{&quot;internal_id&quot;:12779,&quot;item_id&quot;:12779,&quot;item_name&quot;:&quot;Hydraulick\\u00e9 paletiza\\u010dn\\u00ed vidle&quot;,&quot;sku&quot;:&quot;PZVH-3-1300-()-N13001000-15003,0-5,0 \\u00a0&quot;,&quot;price&quot;:0,&quot;stocklevel&quot;:null,&quot;stockstatus&quot;:&quot;instock&quot;,&quot;google_business_vertical&quot;:&quot;retail&quot;,&quot;item_category&quot;:&quot;Zem\\u011bd\\u011blsk\\u00e9 stroje&quot;,&quot;id&quot;:12779,&quot;item_brand&quot;:&quot;&quot;,&quot;productlink&quot;:&quot;https:\\\/\\\/triga.semtix.eu\\\/de\\\/produkt\\\/hydraulicke-paletizacni-vidle\\\/&quot;,&quot;item_list_name&quot;:&quot;General Product List&quot;,&quot;index&quot;:0,&quot;product_type&quot;:&quot;variable&quot;}\"><\/span>\n\t\t\t\t<a href=\"https:\/\/triga.semtix.eu\/de\/produkt\/hydraulicke-paletizacni-vidle\/\" class=\"wc-block-grid__product-link\">\n\t\t\t\t\t\n\t\t\t\t\t<div class=\"wc-block-grid__product-image\"><img loading=\"lazy\" decoding=\"async\" width=\"800\" height=\"800\" src=\"https:\/\/triga.semtix.eu\/wp-content\/uploads\/2026\/02\/pzvh-3-1500-1200-zemedelci-800x800.webp\" class=\"attachment-woocommerce_thumbnail size-woocommerce_thumbnail\" alt=\"Hydraulick\u00e9 paletiza\u010dn\u00ed vidle\" srcset=\"https:\/\/triga.semtix.eu\/wp-content\/uploads\/2026\/02\/pzvh-3-1500-1200-zemedelci.webp 800w, https:\/\/triga.semtix.eu\/wp-content\/uploads\/2026\/02\/pzvh-3-1500-1200-zemedelci-150x150.webp 150w, https:\/\/triga.semtix.eu\/wp-content\/uploads\/2026\/02\/pzvh-3-1500-1200-zemedelci-300x300.webp 300w\" sizes=\"auto, (max-width:767px) 767px, (max-width:800px) 100vw, 800px\" \/><\/div>\n\t\t\t\t\t<div class=\"wc-block-grid__product-title\">Hydraulick\u00e9 paletiza\u010dn\u00ed vidle<\/div>\n\t\t\t\t<\/a>\n\t\t\t\t<div class=\"wc-block-grid__product-price price\"><span class=\"woocommerce-Price-amount amount\">0,00&nbsp;<span class=\"woocommerce-Price-currencySymbol\">&#075;&#269;<\/span><\/span><\/div>\n\t\t\t\t\n\t\t\t\t<div class=\"wp-block-button wc-block-grid__product-add-to-cart\"><a href=\"https:\/\/triga.semtix.eu\/de\/produkt\/hydraulicke-paletizacni-vidle\/\" aria-label=\"W\u00e4hle Optionen f\u00fcr \u201eHydraulick\u00e9 paletiza\u010dn\u00ed vidle\u201c\" data-quantity=\"1\" data-product_id=\"12779\" data-product_sku=\"PZVH-3-1300-()-N13001000-15003,0-5,0 \u00a0\" data-price=\"0\" rel=\"nofollow\" class=\"wp-block-button__link  add_to_cart_button\">Ausf\u00fchrung w\u00e4hlen<\/a><\/div>\n\t\t\t<\/li><li class=\"wc-block-grid__product\"><span class=\"gtm4wp_productdata\" style=\"display:none; visibility:hidden;\" data-gtm4wp_product_data=\"{&quot;internal_id&quot;:12777,&quot;item_id&quot;:12777,&quot;item_name&quot;:&quot;Rychloup\\u00edna\\u010d&quot;,&quot;sku&quot;:&quot;RZN-7,5&quot;,&quot;price&quot;:0,&quot;stocklevel&quot;:null,&quot;stockstatus&quot;:&quot;instock&quot;,&quot;google_business_vertical&quot;:&quot;retail&quot;,&quot;item_category&quot;:&quot;Zem\\u011bd\\u011blsk\\u00e9 stroje&quot;,&quot;id&quot;:12777,&quot;item_brand&quot;:&quot;&quot;,&quot;productlink&quot;:&quot;https:\\\/\\\/triga.semtix.eu\\\/de\\\/produkt\\\/rychloupinac\\\/&quot;,&quot;item_list_name&quot;:&quot;General Product List&quot;,&quot;index&quot;:0,&quot;product_type&quot;:&quot;simple&quot;}\"><\/span>\n\t\t\t\t<a href=\"https:\/\/triga.semtix.eu\/de\/produkt\/rychloupinac\/\" class=\"wc-block-grid__product-link\">\n\t\t\t\t\t\n\t\t\t\t\t<div class=\"wc-block-grid__product-image\"><img loading=\"lazy\" decoding=\"async\" width=\"800\" height=\"800\" src=\"https:\/\/triga.semtix.eu\/wp-content\/uploads\/2026\/02\/rzn-zemedelci-800x800.webp\" class=\"attachment-woocommerce_thumbnail size-woocommerce_thumbnail\" alt=\"Rychloup\u00edna\u010d\" srcset=\"https:\/\/triga.semtix.eu\/wp-content\/uploads\/2026\/02\/rzn-zemedelci.webp 800w, https:\/\/triga.semtix.eu\/wp-content\/uploads\/2026\/02\/rzn-zemedelci-150x150.webp 150w, https:\/\/triga.semtix.eu\/wp-content\/uploads\/2026\/02\/rzn-zemedelci-300x300.webp 300w\" sizes=\"auto, (max-width:767px) 767px, (max-width:800px) 100vw, 800px\" \/><\/div>\n\t\t\t\t\t<div class=\"wc-block-grid__product-title\">Rychloup\u00edna\u010d<\/div>\n\t\t\t\t<\/a>\n\t\t\t\t<div class=\"wc-block-grid__product-price price\"><span class=\"woocommerce-Price-amount amount\">0,00&nbsp;<span class=\"woocommerce-Price-currencySymbol\">&#075;&#269;<\/span><\/span><\/div>\n\t\t\t\t\n\t\t\t\t<div class=\"wp-block-button wc-block-grid__product-add-to-cart\"><a href=\"\/de\/wp-json\/wp\/v2\/pages\/6258?add-to-cart=12777\" aria-label=\"In den Warenkorb legen: \u201eRychloup\u00edna\u010d\u201c\" data-quantity=\"1\" data-product_id=\"12777\" data-product_sku=\"RZN-7,5\" data-price=\"0\" rel=\"nofollow\" class=\"wp-block-button__link  add_to_cart_button ajax_add_to_cart\">In den Warenkorb<\/a><\/div>\n\t\t\t<\/li><li class=\"wc-block-grid__product\"><span class=\"gtm4wp_productdata\" style=\"display:none; visibility:hidden;\" data-gtm4wp_product_data=\"{&quot;internal_id&quot;:12771,&quot;item_id&quot;:12771,&quot;item_name&quot;:&quot;Hydraulick\\u00e1 radlice na sil\\u00e1\\u017e&quot;,&quot;sku&quot;:&quot;RZS-7,5-400040001260do 2800 \\u00a0&quot;,&quot;price&quot;:0,&quot;stocklevel&quot;:null,&quot;stockstatus&quot;:&quot;instock&quot;,&quot;google_business_vertical&quot;:&quot;retail&quot;,&quot;item_category&quot;:&quot;Zem\\u011bd\\u011blsk\\u00e9 stroje&quot;,&quot;id&quot;:12771,&quot;item_brand&quot;:&quot;&quot;,&quot;productlink&quot;:&quot;https:\\\/\\\/triga.semtix.eu\\\/de\\\/produkt\\\/hydraulicka-radlice-na-silaz\\\/&quot;,&quot;item_list_name&quot;:&quot;General Product List&quot;,&quot;index&quot;:0,&quot;product_type&quot;:&quot;variable&quot;}\"><\/span>\n\t\t\t\t<a href=\"https:\/\/triga.semtix.eu\/de\/produkt\/hydraulicka-radlice-na-silaz\/\" class=\"wc-block-grid__product-link\">\n\t\t\t\t\t\n\t\t\t\t\t<div class=\"wc-block-grid__product-image\"><img loading=\"lazy\" decoding=\"async\" width=\"800\" height=\"800\" src=\"https:\/\/triga.semtix.eu\/wp-content\/uploads\/2026\/02\/rzs-zemedelci-800x800.webp\" class=\"attachment-woocommerce_thumbnail size-woocommerce_thumbnail\" alt=\"Hydraulick\u00e1 radlice na sil\u00e1\u017e\" srcset=\"https:\/\/triga.semtix.eu\/wp-content\/uploads\/2026\/02\/rzs-zemedelci.webp 800w, https:\/\/triga.semtix.eu\/wp-content\/uploads\/2026\/02\/rzs-zemedelci-150x150.webp 150w, https:\/\/triga.semtix.eu\/wp-content\/uploads\/2026\/02\/rzs-zemedelci-300x300.webp 300w\" sizes=\"auto, (max-width:767px) 767px, (max-width:800px) 100vw, 800px\" \/><\/div>\n\t\t\t\t\t<div class=\"wc-block-grid__product-title\">Hydraulick\u00e1 radlice na sil\u00e1\u017e<\/div>\n\t\t\t\t<\/a>\n\t\t\t\t<div class=\"wc-block-grid__product-price price\"><span class=\"woocommerce-Price-amount amount\">0,00&nbsp;<span class=\"woocommerce-Price-currencySymbol\">&#075;&#269;<\/span><\/span><\/div>\n\t\t\t\t\n\t\t\t\t<div class=\"wp-block-button wc-block-grid__product-add-to-cart\"><a href=\"https:\/\/triga.semtix.eu\/de\/produkt\/hydraulicka-radlice-na-silaz\/\" aria-label=\"W\u00e4hle Optionen f\u00fcr \u201eHydraulick\u00e1 radlice na sil\u00e1\u017e\u201c\" data-quantity=\"1\" data-product_id=\"12771\" data-product_sku=\"RZS-7,5-400040001260do 2800 \u00a0\" data-price=\"0\" rel=\"nofollow\" class=\"wp-block-button__link  add_to_cart_button\">Ausf\u00fchrung w\u00e4hlen<\/a><\/div>\n\t\t\t<\/li><\/ul><\/div><\/div>\n<\/div>\n","protected":false},"excerpt":{"rendered":"","protected":false},"author":2,"featured_media":0,"parent":0,"menu_order":0,"comment_status":"closed","ping_status":"closed","template":"","meta":{"_acf_changed":false,"footnotes":""},"class_list":["post-6258","page","type-page","status-publish","hentry"],"acf":[],"_links":{"self":[{"href":"https:\/\/triga.semtix.eu\/de\/wp-json\/wp\/v2\/pages\/6258","targetHints":{"allow":["GET"]}}],"collection":[{"href":"https:\/\/triga.semtix.eu\/de\/wp-json\/wp\/v2\/pages"}],"about":[{"href":"https:\/\/triga.semtix.eu\/de\/wp-json\/wp\/v2\/types\/page"}],"author":[{"embeddable":true,"href":"https:\/\/triga.semtix.eu\/de\/wp-json\/wp\/v2\/users\/2"}],"replies":[{"embeddable":true,"href":"https:\/\/triga.semtix.eu\/de\/wp-json\/wp\/v2\/comments?post=6258"}],"version-history":[{"count":0,"href":"https:\/\/triga.semtix.eu\/de\/wp-json\/wp\/v2\/pages\/6258\/revisions"}],"wp:attachment":[{"href":"https:\/\/triga.semtix.eu\/de\/wp-json\/wp\/v2\/media?parent=6258"}],"curies":[{"name":"wp","href":"https:\/\/api.w.org\/{rel}","templated":true}]}}