{"id":8294,"date":"2024-08-19T15:31:42","date_gmt":"2024-08-19T13:31:42","guid":{"rendered":"https:\/\/triga.semtix.eu\/gdpr\/"},"modified":"2025-10-23T12:54:44","modified_gmt":"2025-10-23T10:54:44","slug":"gdpr","status":"publish","type":"page","link":"https:\/\/triga.semtix.eu\/de\/gdpr\/","title":{"rendered":"GDPR"},"content":{"rendered":"<p>unbegr\u00fcndet oder \u00fcberm\u00e4\u00dfig repetitiv sind oder ihre Wiederherstellung einen unverh\u00e4ltnism\u00e4\u00dfigen Aufwand erfordert oder schwierig zu beschaffen w\u00e4re (typischerweise aus Backups, Archiven usw.).<\/p>\n<p><strong>Recht auf Daten\u00fcbertragbarkeit<\/strong><\/p>\n<p>Sie haben das Recht, die von uns \u00fcber Sie gespeicherten personenbezogenen Daten in einem strukturierten, g\u00e4ngigen und maschinenlesbaren Format zu erhalten. Auf Wunsch k\u00f6nnen diese Daten an einen anderen Verantwortlichen \u00fcbermittelt werden.<\/p>\n<p><strong>Datenaktualisierung, Recht auf Berichtigung<\/strong><\/p>\n<p>Da sich personenbezogene Daten im Laufe der Zeit \u00e4ndern k\u00f6nnen (z. B. bei \u00c4nderung des Nachnamens), freuen wir uns \u00fcber Ihre Mitteilung \u00fcber \u00c4nderungen, damit wir Ihre Daten aktuell halten und Fehler vermeiden k\u00f6nnen. Die Mitteilung \u00fcber Daten\u00e4nderungen ist f\u00fcr uns als Verantwortlicher unerl\u00e4sslich, um unsere Aufgaben ordnungsgem\u00e4\u00df erf\u00fcllen zu k\u00f6nnen. Dazu geh\u00f6rt auch Ihr Recht auf Berichtigung der von uns \u00fcber Sie gespeicherten personenbezogenen Daten. Sollten Sie feststellen, dass unsere Daten nicht mehr aktuell sind, haben Sie das Recht, deren Berichtigung zu verlangen. Sie k\u00f6nnen Ihre Daten nach dem Einloggen auf dieser Website \u00fcberpr\u00fcfen und\/oder \u00e4ndern. Bei Unsicherheiten kontaktieren Sie uns gerne \u00fcber das Kontaktformular.<\/p>\n<p><strong>Einspruch<\/strong><\/p>\n<p>Wenn Sie der Meinung sind, dass wir Ihre personenbezogenen Daten nicht in \u00dcbereinstimmung mit geltendem tschechischem und EU-Recht verarbeiten, haben Sie das Recht, Widerspruch einzulegen. Wir pr\u00fcfen anschlie\u00dfend die Berechtigung Ihres Antrags. Nach Einlegung des Widerspruchs wird die Verarbeitung Ihrer personenbezogenen Daten eingeschr\u00e4nkt, bis gepr\u00fcft ist, ob der Widerspruch berechtigt ist. Wir weisen Sie darauf hin, dass Sie auch das Recht haben, der Verarbeitung Ihrer personenbezogenen Daten bei der zust\u00e4ndigen Aufsichtsbeh\u00f6rde f\u00fcr den Schutz personenbezogener Daten unter folgender Adresse zu widersprechen: Amt f\u00fcr den Schutz personenbezogener Daten, Pplk. Sochora 27, 170 00 Prag 7.<\/p>\n<p><strong>Recht auf Einschr\u00e4nkung der Verarbeitung<\/strong><\/p>\n<p>Sie haben das Recht, die Verarbeitung Ihrer personenbezogenen Daten einzuschr\u00e4nken, wenn Sie der Meinung sind, dass die so erfassten Daten unrichtig sind oder wir sie unrechtm\u00e4\u00dfig verarbeiten und wenn Sie der Ansicht sind, dass wir diese Daten f\u00fcr die Zwecke der Verarbeitung nicht mehr ben\u00f6tigen.<\/p>\n<div class=\"social\">Diese Datenschutzbestimmungen gelten f\u00fcr <strong>diese Website (nachfolgend \u201eUnternehmen\u201c genannt).<\/strong><\/div>\n<p><strong>Informationen zur Verarbeitung personenbezogener Daten<\/strong><\/p>\n<p><strong>Das Unternehmen<\/strong> verpflichtet sich zum Schutz der von Ihnen bereitgestellten personenbezogenen Daten. Wir verarbeiten Ihre personenbezogenen Daten verantwortungsvoll, transparent und gem\u00e4\u00df der Verordnung (EU) 2016\/679 des Europ\u00e4ischen Parlaments und des Rates. Sie haben das Recht, Auskunft \u00fcber Ihre gespeicherten personenbezogenen Daten sowie deren Berichtigung oder L\u00f6schung zu verlangen, sofern dies auf Ihrer Einwilligung beruht. Im Falle einer automatisierten Datenverarbeitung haben Sie das Recht auf Daten\u00fcbertragbarkeit und darauf, keiner ausschlie\u00dflich auf dieser Entscheidung beruhenden Entscheidung unterworfen zu werden. Bei Fragen und Anliegen zur Verarbeitung Ihrer personenbezogenen Daten k\u00f6nnen Sie sich schriftlich an den Firmensitz wenden.<\/p>\n<p><strong>Sicherheit Ihrer personenbezogenen Daten<\/strong><\/p>\n<p><strong>Das Unternehmen<\/strong> legt gro\u00dfen Wert auf die Sicherheit Ihrer personenbezogenen Daten, die Sie uns zur Verf\u00fcgung stellen. Unbefugte haben keinen Zugriff auf Ihre personenbezogenen Daten, die wir von Ihnen erhalten haben, und wir geben diese ohne Ihre Einwilligung nicht zur weiteren Verarbeitung an Dritte weiter, es sei denn, dies ist gesetzlich vorgeschrieben oder dient dem Schutz unserer rechtlichen Interessen.<\/p>\n<p><strong>Auskunftsrecht<\/strong><\/p>\n<p>Sie haben das Recht, vom <strong>Unternehmen<\/strong> Auskunft dar\u00fcber zu verlangen, welche personenbezogenen Daten wir \u00fcber Sie verarbeiten, in welchem \u200b\u200bUmfang und zu welchem \u200b\u200bZweck. Wir stellen Ihnen diese Auskunft innerhalb von h\u00f6chstens 30 Tagen, in Ausnahmef\u00e4llen innerhalb von h\u00f6chstens 90 Tagen, kostenlos zur Verf\u00fcgung. \u00dcber eine Fristverl\u00e4ngerung in Ausnahmef\u00e4llen informieren wir Sie rechtzeitig. Wenn Sie die Auskunft \u00fcber die von uns \u00fcber Sie gespeicherten Daten beantragen, m\u00fcssen wir zun\u00e4chst \u00fcberpr\u00fcfen, ob Sie tats\u00e4chlich die Person sind, der diese Daten geh\u00f6ren. Bitte geben Sie daher in Ihrer Anfrage ausreichende Identifikationsnachweise an. Falls erforderlich, sind wir berechtigt, zus\u00e4tzliche Informationen zu Ihrer Identifizierung anzufordern, bevor wir Ihnen die von uns \u00fcber Sie verarbeiteten personenbezogenen Daten zur Verf\u00fcgung stellen. Wir haben dann das Recht, Informationsanfragen nach diesen Daten angemessen abzulehnen.<\/p>\n<p><strong>Recht auf L\u00f6schung<\/strong><\/p>\n<p>Wenn Sie uns jemals eine Einwilligung zur Verarbeitung Ihrer personenbezogenen Daten erteilt haben, k\u00f6nnen Sie diese jederzeit widerrufen. Wir sind dann verpflichtet, die Daten, die wir ausschlie\u00dflich auf Grundlage Ihrer Einwilligung verarbeiten, zu l\u00f6schen. Das Recht auf L\u00f6schung besteht nicht f\u00fcr Daten, die im Rahmen der Vertragserf\u00fcllung, aus rechtlichen Gr\u00fcnden oder aufgrund berechtigter Interessen verarbeitet werden.<\/p>\n<p><strong>Kontakt<\/strong><\/p>\n<p>Bei Fragen zum Datenschutz k\u00f6nnen Sie sich auch \u00fcber das Kontaktformular oder die im Impressum angegebene Kontaktadresse an uns wenden.<\/p>\n<p><strong>Kontaktformular<\/strong><\/p>\n<p>Wenn Sie uns \u00fcber ein Webformular kontaktieren, speichern wir einige grundlegende Informationen. Dies sind:<\/p>\n<p><strong>*<\/strong>\u00a0Name<br \/>\n<strong>*<\/strong>\u00a0E-Mail-Adresse<br \/>\n<strong>*<\/strong>\u00a0Absendezeit<br \/>\n<strong>*<\/strong>\u00a0IP-Adresse<\/p>\n<p>Wir ben\u00f6tigen die Daten, um Sie zu kontaktieren und den Ursprung der Kommunikation im Sinne der Verordnung (EU) 2016\/679 des Europ\u00e4ischen Parlaments und des Rates nachzuweisen.<\/p>\n<p><strong>Websites<\/strong><\/p>\n<p>Wenn Sie auf unsere Websites zugreifen und diese durchsuchen, verarbeiten wir die folgenden Protokolldateien und speichern sie auf unseren Servern. Zu den von uns gespeicherten Informationen geh\u00f6ren:<\/p>\n<ul>\n<li>Ihre IP-Adresse<\/li>\n<li>Zeitpunkt Ihres Besuchs<\/li>\n<li>Aufgerufene Seiten unserer Website<\/li>\n<li>HTTP-Antwortcode<\/li>\n<li>Kennung Ihres Browsers<\/li>\n<li>Konvertierungsinformationen (Formularausf\u00fcllen, Bestellen, Klicken auf eine E-Mail, Anrufen)<\/li>\n<\/ul>\n<p>Wir verarbeiten diese Informationen ausschlie\u00dflich zum Zwecke unserer rechtlichen Absicherung und zur Messung der Website-Performance f\u00fcr maximal 10 Jahre.<\/p>\n","protected":false},"excerpt":{"rendered":"<p>unbegr\u00fcndet oder \u00fcberm\u00e4\u00dfig repetitiv sind oder ihre Wiederherstellung einen unverh\u00e4ltnism\u00e4\u00dfigen Aufwand erfordert oder schwierig zu beschaffen w\u00e4re (typischerweise aus Backups, Archiven usw.). Recht auf Daten\u00fcbertragbarkeit Sie&#8230;<\/p>\n","protected":false},"author":2,"featured_media":-1,"parent":0,"menu_order":0,"comment_status":"closed","ping_status":"closed","template":"","meta":{"_acf_changed":false,"footnotes":""},"class_list":["post-8294","page","type-page","status-publish","has-post-thumbnail","hentry"],"acf":[],"_links":{"self":[{"href":"https:\/\/triga.semtix.eu\/de\/wp-json\/wp\/v2\/pages\/8294","targetHints":{"allow":["GET"]}}],"collection":[{"href":"https:\/\/triga.semtix.eu\/de\/wp-json\/wp\/v2\/pages"}],"about":[{"href":"https:\/\/triga.semtix.eu\/de\/wp-json\/wp\/v2\/types\/page"}],"author":[{"embeddable":true,"href":"https:\/\/triga.semtix.eu\/de\/wp-json\/wp\/v2\/users\/2"}],"replies":[{"embeddable":true,"href":"https:\/\/triga.semtix.eu\/de\/wp-json\/wp\/v2\/comments?post=8294"}],"version-history":[{"count":1,"href":"https:\/\/triga.semtix.eu\/de\/wp-json\/wp\/v2\/pages\/8294\/revisions"}],"predecessor-version":[{"id":12564,"href":"https:\/\/triga.semtix.eu\/de\/wp-json\/wp\/v2\/pages\/8294\/revisions\/12564"}],"wp:featuredmedia":[{"embeddable":true,"href":"https:\/\/triga.semtix.eu\/de\/wp-json\/"}],"wp:attachment":[{"href":"https:\/\/triga.semtix.eu\/de\/wp-json\/wp\/v2\/media?parent=8294"}],"curies":[{"name":"wp","href":"https:\/\/api.w.org\/{rel}","templated":true}]}}