{"id":10013,"date":"2025-09-18T17:36:30","date_gmt":"2025-09-18T15:36:30","guid":{"rendered":"https:\/\/triga.semtix.eu\/?post_type=product&#038;p=10013"},"modified":"2025-10-17T10:22:57","modified_gmt":"2025-10-17T08:22:57","slug":"paletisierungsgabeln-kopirovat","status":"publish","type":"product","link":"https:\/\/triga.semtix.eu\/de\/produkt\/paletisierungsgabeln-kopirovat\/","title":{"rendered":"Palettengabel GD"},"content":{"rendered":"","protected":false},"excerpt":{"rendered":"<p>Die Palettengabel PR f\u00fcr normale Bedingungen wird f\u00fcr die Arbeit mit Paletten verschiedener Gr\u00f6\u00dfen oder f\u00fcr die Handhabung von anderem Material verwendet.<\/p>\n","protected":false},"featured_media":6335,"comment_status":"closed","ping_status":"closed","template":"","meta":{"_acf_changed":false},"product_brand":[],"product_cat":[2607],"product_tag":[2564,2565],"class_list":{"0":"post-10013","1":"product","2":"type-product","3":"status-publish","4":"has-post-thumbnail","6":"product_cat-kleine-lader","7":"product_tag-3-de","8":"product_tag-4-de","9":"pa_druhy-prace-3295","10":"pa_druhy-prace-3298","11":"pa_podminky-prace-gd","12":"pa_trida-5876","14":"first","15":"instock","16":"purchasable","17":"product-type-variable"},"acf":[],"_links":{"self":[{"href":"https:\/\/triga.semtix.eu\/de\/wp-json\/wp\/v2\/product\/10013","targetHints":{"allow":["GET"]}}],"collection":[{"href":"https:\/\/triga.semtix.eu\/de\/wp-json\/wp\/v2\/product"}],"about":[{"href":"https:\/\/triga.semtix.eu\/de\/wp-json\/wp\/v2\/types\/product"}],"replies":[{"embeddable":true,"href":"https:\/\/triga.semtix.eu\/de\/wp-json\/wp\/v2\/comments?post=10013"}],"wp:featuredmedia":[{"embeddable":true,"href":"https:\/\/triga.semtix.eu\/de\/wp-json\/wp\/v2\/media\/6335"}],"wp:attachment":[{"href":"https:\/\/triga.semtix.eu\/de\/wp-json\/wp\/v2\/media?parent=10013"}],"wp:term":[{"taxonomy":"product_brand","embeddable":true,"href":"https:\/\/triga.semtix.eu\/de\/wp-json\/wp\/v2\/product_brand?post=10013"},{"taxonomy":"product_cat","embeddable":true,"href":"https:\/\/triga.semtix.eu\/de\/wp-json\/wp\/v2\/product_cat?post=10013"},{"taxonomy":"product_tag","embeddable":true,"href":"https:\/\/triga.semtix.eu\/de\/wp-json\/wp\/v2\/product_tag?post=10013"}],"curies":[{"name":"wp","href":"https:\/\/api.w.org\/{rel}","templated":true}]}}