{"id":11994,"date":"2025-05-29T11:52:28","date_gmt":"2025-05-29T09:52:28","guid":{"rendered":"https:\/\/triga.semtix.eu\/produkt\/boeschungsschaufel-gd-2\/"},"modified":"2025-05-29T11:52:28","modified_gmt":"2025-05-29T09:52:28","slug":"boeschungsschaufel-gd-2","status":"publish","type":"product","link":"https:\/\/triga.semtix.eu\/de\/produkt\/boeschungsschaufel-gd-2\/","title":{"rendered":"B\u00f6schungsschaufel GD"},"content":{"rendered":"","protected":false},"excerpt":{"rendered":"<p>Die B\u00f6schungsschaufel W f\u00fcr g\u00e4ngige Einsatzbedingungen ist f\u00fcr Graben-, Planier-, Einebnungs- und andere Abschlussarbeiten ausgelegt. Kippen mittels hydraulischen Zylindern. Ab Klasse 6 werden teleskopische Zylinderabdeckungen verwendet.<\/p>\n","protected":false},"featured_media":6548,"comment_status":"closed","ping_status":"closed","template":"","meta":{"_acf_changed":false},"product_brand":[],"product_cat":[2576],"product_tag":[2577],"class_list":{"0":"post-11994","1":"product","2":"type-product","3":"status-publish","4":"has-post-thumbnail","6":"product_cat-mittlere-bagger","7":"product_tag-5-de","8":"pa_druhy-prace-3295","9":"pa_objem-l-5408","10":"pa_objem-l-5410","11":"pa_objem-l-5401","12":"pa_objem-l-5412","13":"pa_podminky-prace-hd","14":"pa_sirka-mm-5788","15":"pa_sirka-mm-5793","16":"pa_sirka-mm-5795","17":"pa_sirka-mm-5797","18":"pa_trida-5880","20":"first","21":"instock","22":"purchasable","23":"product-type-variable"},"acf":[],"_links":{"self":[{"href":"https:\/\/triga.semtix.eu\/de\/wp-json\/wp\/v2\/product\/11994","targetHints":{"allow":["GET"]}}],"collection":[{"href":"https:\/\/triga.semtix.eu\/de\/wp-json\/wp\/v2\/product"}],"about":[{"href":"https:\/\/triga.semtix.eu\/de\/wp-json\/wp\/v2\/types\/product"}],"replies":[{"embeddable":true,"href":"https:\/\/triga.semtix.eu\/de\/wp-json\/wp\/v2\/comments?post=11994"}],"wp:featuredmedia":[{"embeddable":true,"href":"https:\/\/triga.semtix.eu\/de\/wp-json\/wp\/v2\/media\/6548"}],"wp:attachment":[{"href":"https:\/\/triga.semtix.eu\/de\/wp-json\/wp\/v2\/media?parent=11994"}],"wp:term":[{"taxonomy":"product_brand","embeddable":true,"href":"https:\/\/triga.semtix.eu\/de\/wp-json\/wp\/v2\/product_brand?post=11994"},{"taxonomy":"product_cat","embeddable":true,"href":"https:\/\/triga.semtix.eu\/de\/wp-json\/wp\/v2\/product_cat?post=11994"},{"taxonomy":"product_tag","embeddable":true,"href":"https:\/\/triga.semtix.eu\/de\/wp-json\/wp\/v2\/product_tag?post=11994"}],"curies":[{"name":"wp","href":"https:\/\/api.w.org\/{rel}","templated":true}]}}