{"id":12031,"date":"2025-05-29T11:52:22","date_gmt":"2025-05-29T09:52:22","guid":{"rendered":"https:\/\/triga.semtix.eu\/produkt\/boeschungsschaufel-hd-3\/"},"modified":"2025-05-29T11:52:22","modified_gmt":"2025-05-29T09:52:22","slug":"boeschungsschaufel-hd-3","status":"publish","type":"product","link":"https:\/\/triga.semtix.eu\/de\/produkt\/boeschungsschaufel-hd-3\/","title":{"rendered":"B\u00f6schungsschaufel HD"},"content":{"rendered":"","protected":false},"excerpt":{"rendered":"<p>Die B\u00f6schungsschaufel W f\u00fcr schwere Einsatzbedingungen ist f\u00fcr Graben-, Planier-, Einebnungs- und andere Abschlussarbeiten ausgelegt. Kippen mittels hydraulischem Zylindern mit teleskopischer Abdeckung.<\/p>\n","protected":false},"featured_media":6443,"comment_status":"closed","ping_status":"closed","template":"","meta":{"_acf_changed":false},"product_brand":[],"product_cat":[2560],"product_tag":[2561],"class_list":{"0":"post-12031","1":"product","2":"type-product","3":"status-publish","4":"has-post-thumbnail","6":"product_cat-grose-bagger","7":"product_tag-10-de","8":"pa_druhy-prace-3295","9":"pa_komercni-kod-w-hd-10-2000","10":"pa_komercni-kod-w-hd-10-2200","11":"pa_komercni-kod-w-hd-10-2400","12":"pa_komercni-kod-1-w-hd-10","13":"pa_objem-m3-1-26","14":"pa_objem-m3-1-38","15":"pa_objem-m3-1-51","16":"pa_podminky-prace-hd","17":"pa_sirka-mm-5803","18":"pa_sirka-mm-5807","19":"pa_sirka-mm-5809","20":"pa_trida-5892","21":"pa_vyrobek-w","23":"first","24":"instock","25":"purchasable","26":"product-type-variable"},"acf":[],"_links":{"self":[{"href":"https:\/\/triga.semtix.eu\/de\/wp-json\/wp\/v2\/product\/12031","targetHints":{"allow":["GET"]}}],"collection":[{"href":"https:\/\/triga.semtix.eu\/de\/wp-json\/wp\/v2\/product"}],"about":[{"href":"https:\/\/triga.semtix.eu\/de\/wp-json\/wp\/v2\/types\/product"}],"replies":[{"embeddable":true,"href":"https:\/\/triga.semtix.eu\/de\/wp-json\/wp\/v2\/comments?post=12031"}],"wp:featuredmedia":[{"embeddable":true,"href":"https:\/\/triga.semtix.eu\/de\/wp-json\/wp\/v2\/media\/6443"}],"wp:attachment":[{"href":"https:\/\/triga.semtix.eu\/de\/wp-json\/wp\/v2\/media?parent=12031"}],"wp:term":[{"taxonomy":"product_brand","embeddable":true,"href":"https:\/\/triga.semtix.eu\/de\/wp-json\/wp\/v2\/product_brand?post=12031"},{"taxonomy":"product_cat","embeddable":true,"href":"https:\/\/triga.semtix.eu\/de\/wp-json\/wp\/v2\/product_cat?post=12031"},{"taxonomy":"product_tag","embeddable":true,"href":"https:\/\/triga.semtix.eu\/de\/wp-json\/wp\/v2\/product_tag?post=12031"}],"curies":[{"name":"wp","href":"https:\/\/api.w.org\/{rel}","templated":true}]}}