{"id":12169,"date":"2025-05-29T11:53:06","date_gmt":"2025-05-29T09:53:06","guid":{"rendered":"https:\/\/triga.semtix.eu\/produkt\/tiefloeffel-flat-top-sd\/"},"modified":"2025-05-29T11:53:06","modified_gmt":"2025-05-29T09:53:06","slug":"tiefloeffel-flat-top-sd","status":"publish","type":"product","link":"https:\/\/triga.semtix.eu\/de\/produkt\/tiefloeffel-flat-top-sd\/","title":{"rendered":"Tiefl\u00f6ffel flat top SD"},"content":{"rendered":"","protected":false},"excerpt":{"rendered":"<p>Der Tiefl\u00f6ffel P2 f\u00fcr anspruchsvolle Bedingungen ist f\u00fcr den Einsatz in sehr schlagfesten, mittelabrasiven Materialien ausgelegt. Graben und Verladen von Materialien mit durchschnittlicher H\u00e4rte wie felsigem Boden und Kalkstein. Seitliche Schneidkantenprotektoren dienen als zus\u00e4tzlicher Verschlei\u00dfschutz.<\/p>\n","protected":false},"featured_media":6437,"comment_status":"closed","ping_status":"closed","template":"","meta":{"_acf_changed":false},"product_brand":[],"product_cat":[2560],"product_tag":[2561,2605,2606],"class_list":{"0":"post-12169","1":"product","2":"type-product","3":"status-publish","4":"has-post-thumbnail","6":"product_cat-grose-bagger","7":"product_tag-10-de","8":"product_tag-11-de","9":"product_tag-12-de","10":"pa_druhy-prace-3297","11":"pa_komercni-kod-p2-sd-10-1000","12":"pa_komercni-kod-p2-sd-10-1200","13":"pa_komercni-kod-p2-sd-10-1400","14":"pa_komercni-kod-p2-sd-10-1500","15":"pa_komercni-kod-p2-sd-10-600","16":"pa_komercni-kod-p2-sd-10-800","17":"pa_komercni-kod-p2-sd-11-1000","18":"pa_komercni-kod-p2-sd-11-1200","19":"pa_komercni-kod-p2-sd-11-1500","20":"pa_komercni-kod-p2-sd-11-1600","21":"pa_komercni-kod-p2-sd-11-850","22":"pa_komercni-kod-p2-sd-12-1300","23":"pa_komercni-kod-p2-sd-12-1550","24":"pa_komercni-kod-p2-sd-12-1650","25":"pa_komercni-kod-p2-sd-12-1750","26":"pa_komercni-kod-p2-sd-12-1850","27":"pa_komercni-kod-1-p2-sd-10","28":"pa_komercni-kod-1-p2-sd-11","29":"pa_komercni-kod-1-p2-sd-12","30":"pa_objem-m3-0-47","31":"pa_objem-m3-0-69","32":"pa_objem-m3-0-91","33":"pa_objem-m3-0-93","34":"pa_objem-m3-1-14","35":"pa_objem-m3-1-15","36":"pa_objem-m3-1-37","37":"pa_objem-m3-1-44","38":"pa_objem-m3-1-49","39":"pa_objem-m3-1-88","40":"pa_objem-m3-1-9","41":"pa_objem-m3-2-05","42":"pa_objem-m3-2-33","43":"pa_objem-m3-2-51","44":"pa_objem-m3-2-69","45":"pa_objem-m3-2-88","46":"pa_podminky-prace-sd","47":"pa_sirka-mm-5773","48":"pa_sirka-mm-5780","49":"pa_sirka-mm-5784","50":"pa_sirka-mm-5786","51":"pa_sirka-mm-5788","52":"pa_sirka-mm-5813","53":"pa_sirka-mm-5793","54":"pa_sirka-mm-5815","55":"pa_sirka-mm-5817","56":"pa_sirka-mm-5819","57":"pa_sirka-mm-5777","58":"pa_sirka-mm-5771","59":"pa_sirka-mm-5811","60":"pa_trida-5892","61":"pa_trida-5896","62":"pa_trida-5898","63":"pa_vyrobek-p2","65":"first","66":"instock","67":"purchasable","68":"product-type-variable"},"acf":[],"_links":{"self":[{"href":"https:\/\/triga.semtix.eu\/de\/wp-json\/wp\/v2\/product\/12169","targetHints":{"allow":["GET"]}}],"collection":[{"href":"https:\/\/triga.semtix.eu\/de\/wp-json\/wp\/v2\/product"}],"about":[{"href":"https:\/\/triga.semtix.eu\/de\/wp-json\/wp\/v2\/types\/product"}],"replies":[{"embeddable":true,"href":"https:\/\/triga.semtix.eu\/de\/wp-json\/wp\/v2\/comments?post=12169"}],"wp:featuredmedia":[{"embeddable":true,"href":"https:\/\/triga.semtix.eu\/de\/wp-json\/wp\/v2\/media\/6437"}],"wp:attachment":[{"href":"https:\/\/triga.semtix.eu\/de\/wp-json\/wp\/v2\/media?parent=12169"}],"wp:term":[{"taxonomy":"product_brand","embeddable":true,"href":"https:\/\/triga.semtix.eu\/de\/wp-json\/wp\/v2\/product_brand?post=12169"},{"taxonomy":"product_cat","embeddable":true,"href":"https:\/\/triga.semtix.eu\/de\/wp-json\/wp\/v2\/product_cat?post=12169"},{"taxonomy":"product_tag","embeddable":true,"href":"https:\/\/triga.semtix.eu\/de\/wp-json\/wp\/v2\/product_tag?post=12169"}],"curies":[{"name":"wp","href":"https:\/\/api.w.org\/{rel}","templated":true}]}}