{"id":12225,"date":"2025-05-29T11:52:55","date_gmt":"2025-05-29T09:52:55","guid":{"rendered":"https:\/\/triga.semtix.eu\/produkt\/tiefloeffel-flat-top-gd\/"},"modified":"2025-05-29T11:52:55","modified_gmt":"2025-05-29T09:52:55","slug":"tiefloeffel-flat-top-gd","status":"publish","type":"product","link":"https:\/\/triga.semtix.eu\/de\/produkt\/tiefloeffel-flat-top-gd\/","title":{"rendered":"Tiefl\u00f6ffel flat top GD"},"content":{"rendered":"","protected":false},"excerpt":{"rendered":"<p>Der Tiefl\u00f6ffel P2 f\u00fcr normale Bedingungen ist f\u00fcr den Einsatz mit geringerem Verschlei\u00df und geringen St\u00f6\u00dfen ausgelegt. Zum Graben und Verladen von losen und leicht verdichteten Materialien wie Erde, Lehm, Schmutz, Schlamm und Ton.<\/p>\n","protected":false},"featured_media":6455,"comment_status":"closed","ping_status":"closed","template":"","meta":{"_acf_changed":false},"product_brand":[],"product_cat":[2560],"product_tag":[2561,2605,2606],"class_list":{"0":"post-12225","1":"product","2":"type-product","3":"status-publish","4":"has-post-thumbnail","6":"product_cat-grose-bagger","7":"product_tag-10-de","8":"product_tag-11-de","9":"product_tag-12-de","10":"pa_druhy-prace-3297","11":"pa_druhy-prace-3295","12":"pa_komercni-kod-p2-gd-10-1000","13":"pa_komercni-kod-p2-gd-10-1200","14":"pa_komercni-kod-p2-gd-10-1400","15":"pa_komercni-kod-p2-gd-10-1500","16":"pa_komercni-kod-p2-gd-10-600","17":"pa_komercni-kod-p2-gd-10-800","18":"pa_komercni-kod-p2-gd-11-1000","19":"pa_komercni-kod-p2-gd-11-1200","20":"pa_komercni-kod-p2-gd-11-1500","21":"pa_komercni-kod-p2-gd-11-1600","22":"pa_komercni-kod-p2-gd-11-850","23":"pa_komercni-kod-p2-gd-12-1300","24":"pa_komercni-kod-p2-gd-12-1550","25":"pa_komercni-kod-p2-gd-12-1650","26":"pa_komercni-kod-p2-gd-12-1750","27":"pa_komercni-kod-p2-gd-12-1850","28":"pa_komercni-kod-1-p2-gd-10","29":"pa_komercni-kod-1-p2-gd-11","30":"pa_komercni-kod-1-p2-gd-12","31":"pa_objem-m3-0-47","32":"pa_objem-m3-0-69","33":"pa_objem-m3-0-91","34":"pa_objem-m3-0-93","35":"pa_objem-m3-1-14","36":"pa_objem-m3-1-15","37":"pa_objem-m3-1-37","38":"pa_objem-m3-1-44","39":"pa_objem-m3-1-49","40":"pa_objem-m3-1-88","41":"pa_objem-m3-1-9","42":"pa_objem-m3-2-05","43":"pa_objem-m3-2-33","44":"pa_objem-m3-2-51","45":"pa_objem-m3-2-69","46":"pa_objem-m3-2-88","47":"pa_podminky-prace-gd","48":"pa_sirka-mm-5773","49":"pa_sirka-mm-5780","50":"pa_sirka-mm-5784","51":"pa_sirka-mm-5786","52":"pa_sirka-mm-5788","53":"pa_sirka-mm-5813","54":"pa_sirka-mm-5793","55":"pa_sirka-mm-5815","56":"pa_sirka-mm-5817","57":"pa_sirka-mm-5819","58":"pa_sirka-mm-5777","59":"pa_sirka-mm-5771","60":"pa_sirka-mm-5811","61":"pa_trida-5892","62":"pa_trida-5896","63":"pa_trida-5898","64":"pa_vyrobek-p2","66":"first","67":"instock","68":"purchasable","69":"product-type-variable"},"acf":[],"_links":{"self":[{"href":"https:\/\/triga.semtix.eu\/de\/wp-json\/wp\/v2\/product\/12225","targetHints":{"allow":["GET"]}}],"collection":[{"href":"https:\/\/triga.semtix.eu\/de\/wp-json\/wp\/v2\/product"}],"about":[{"href":"https:\/\/triga.semtix.eu\/de\/wp-json\/wp\/v2\/types\/product"}],"replies":[{"embeddable":true,"href":"https:\/\/triga.semtix.eu\/de\/wp-json\/wp\/v2\/comments?post=12225"}],"wp:featuredmedia":[{"embeddable":true,"href":"https:\/\/triga.semtix.eu\/de\/wp-json\/wp\/v2\/media\/6455"}],"wp:attachment":[{"href":"https:\/\/triga.semtix.eu\/de\/wp-json\/wp\/v2\/media?parent=12225"}],"wp:term":[{"taxonomy":"product_brand","embeddable":true,"href":"https:\/\/triga.semtix.eu\/de\/wp-json\/wp\/v2\/product_brand?post=12225"},{"taxonomy":"product_cat","embeddable":true,"href":"https:\/\/triga.semtix.eu\/de\/wp-json\/wp\/v2\/product_cat?post=12225"},{"taxonomy":"product_tag","embeddable":true,"href":"https:\/\/triga.semtix.eu\/de\/wp-json\/wp\/v2\/product_tag?post=12225"}],"curies":[{"name":"wp","href":"https:\/\/api.w.org\/{rel}","templated":true}]}}