{"id":12261,"date":"2025-05-29T11:52:50","date_gmt":"2025-05-29T09:52:50","guid":{"rendered":"https:\/\/triga.semtix.eu\/produkt\/boeschungsschaufel-mit-hd-motor-2\/"},"modified":"2025-05-29T11:52:50","modified_gmt":"2025-05-29T09:52:50","slug":"boeschungsschaufel-mit-hd-motor-2","status":"publish","type":"product","link":"https:\/\/triga.semtix.eu\/de\/produkt\/boeschungsschaufel-mit-hd-motor-2\/","title":{"rendered":"B\u00f6schungsschaufel mit HD Motor"},"content":{"rendered":"","protected":false},"excerpt":{"rendered":"<p>Die B\u00f6schungsschaufel W f\u00fcr schwere Einsatzbedingungen ist f\u00fcr Graben-, Planier-, Einebnungs- und andere Abschlussarbeiten ausgelegt. Kippen mittels wartungsfreiem Hydromotor mit langer Lebensdauer.<\/p>\n","protected":false},"featured_media":6410,"comment_status":"closed","ping_status":"closed","template":"","meta":{"_acf_changed":false},"product_brand":[],"product_cat":[2560],"product_tag":[2561],"class_list":{"0":"post-12261","1":"product","2":"type-product","3":"status-publish","4":"has-post-thumbnail","6":"product_cat-grose-bagger","7":"product_tag-10-de","8":"pa_druhy-prace-3295","9":"pa_komercni-kod-wr-hd-10-2000","10":"pa_komercni-kod-wr-hd-10-2200","11":"pa_komercni-kod-wr-hd-10-2400","12":"pa_komercni-kod-1-wr-hd-10","13":"pa_objem-m3-1-26","14":"pa_objem-m3-1-38","15":"pa_objem-m3-1-51","16":"pa_podminky-prace-hd","17":"pa_sirka-mm-5803","18":"pa_sirka-mm-5807","19":"pa_sirka-mm-5809","20":"pa_trida-5892","21":"pa_vyrobek-wr","23":"first","24":"instock","25":"purchasable","26":"product-type-variable"},"acf":[],"_links":{"self":[{"href":"https:\/\/triga.semtix.eu\/de\/wp-json\/wp\/v2\/product\/12261","targetHints":{"allow":["GET"]}}],"collection":[{"href":"https:\/\/triga.semtix.eu\/de\/wp-json\/wp\/v2\/product"}],"about":[{"href":"https:\/\/triga.semtix.eu\/de\/wp-json\/wp\/v2\/types\/product"}],"replies":[{"embeddable":true,"href":"https:\/\/triga.semtix.eu\/de\/wp-json\/wp\/v2\/comments?post=12261"}],"wp:featuredmedia":[{"embeddable":true,"href":"https:\/\/triga.semtix.eu\/de\/wp-json\/wp\/v2\/media\/6410"}],"wp:attachment":[{"href":"https:\/\/triga.semtix.eu\/de\/wp-json\/wp\/v2\/media?parent=12261"}],"wp:term":[{"taxonomy":"product_brand","embeddable":true,"href":"https:\/\/triga.semtix.eu\/de\/wp-json\/wp\/v2\/product_brand?post=12261"},{"taxonomy":"product_cat","embeddable":true,"href":"https:\/\/triga.semtix.eu\/de\/wp-json\/wp\/v2\/product_cat?post=12261"},{"taxonomy":"product_tag","embeddable":true,"href":"https:\/\/triga.semtix.eu\/de\/wp-json\/wp\/v2\/product_tag?post=12261"}],"curies":[{"name":"wp","href":"https:\/\/api.w.org\/{rel}","templated":true}]}}