{"id":12270,"date":"2025-05-29T11:52:45","date_gmt":"2025-05-29T09:52:45","guid":{"rendered":"https:\/\/triga.semtix.eu\/produkt\/boeschungsschaufel-mit-hd-motor-3\/"},"modified":"2025-05-29T11:52:45","modified_gmt":"2025-05-29T09:52:45","slug":"boeschungsschaufel-mit-hd-motor-3","status":"publish","type":"product","link":"https:\/\/triga.semtix.eu\/de\/produkt\/boeschungsschaufel-mit-hd-motor-3\/","title":{"rendered":"B\u00f6schungsschaufel mit HD Motor"},"content":{"rendered":"","protected":false},"excerpt":{"rendered":"<div id=\"model-response-message-contentr_1a8b02ddd2cec6c8\" class=\"markdown markdown-main-panel stronger enable-updated-hr-color\" dir=\"ltr\">\n<p>Die B\u00f6schungsschaufel WR f\u00fcr schwere Einsatzbedingungen ist f\u00fcr Graben-, Planier-, Einebnungs- und andere Abschlussarbeiten ausgelegt. Kippen mittels wartungsfreiem Hydromotor mit langer Lebensdauer.<\/p>\n<\/div>\n","protected":false},"featured_media":6557,"comment_status":"closed","ping_status":"closed","template":"","meta":{"_acf_changed":false},"product_brand":[],"product_cat":[2562],"product_tag":[2588],"class_list":{"0":"post-12270","1":"product","2":"type-product","3":"status-publish","4":"has-post-thumbnail","6":"product_cat-kleine-bagger","7":"product_tag-1-de","8":"pa_druhy-prace-3295","9":"pa_objem-l-5334","10":"pa_objem-l-5369","11":"pa_objem-l-5371","12":"pa_objem-l-5373","13":"pa_objem-l-5339","14":"pa_objem-l-5330","15":"pa_objem-l-5332","16":"pa_podminky-prace-hd","17":"pa_sirka-mm-5773","18":"pa_sirka-mm-5780","19":"pa_sirka-mm-5784","20":"pa_sirka-mm-5786","21":"pa_sirka-mm-5788","22":"pa_sirka-mm-5771","23":"pa_trida-5872","24":"pa_trida-5874","25":"pa_trida-5876","26":"pa_trida-5878","28":"first","29":"instock","30":"purchasable","31":"product-type-variable"},"acf":[],"_links":{"self":[{"href":"https:\/\/triga.semtix.eu\/de\/wp-json\/wp\/v2\/product\/12270","targetHints":{"allow":["GET"]}}],"collection":[{"href":"https:\/\/triga.semtix.eu\/de\/wp-json\/wp\/v2\/product"}],"about":[{"href":"https:\/\/triga.semtix.eu\/de\/wp-json\/wp\/v2\/types\/product"}],"replies":[{"embeddable":true,"href":"https:\/\/triga.semtix.eu\/de\/wp-json\/wp\/v2\/comments?post=12270"}],"wp:featuredmedia":[{"embeddable":true,"href":"https:\/\/triga.semtix.eu\/de\/wp-json\/wp\/v2\/media\/6557"}],"wp:attachment":[{"href":"https:\/\/triga.semtix.eu\/de\/wp-json\/wp\/v2\/media?parent=12270"}],"wp:term":[{"taxonomy":"product_brand","embeddable":true,"href":"https:\/\/triga.semtix.eu\/de\/wp-json\/wp\/v2\/product_brand?post=12270"},{"taxonomy":"product_cat","embeddable":true,"href":"https:\/\/triga.semtix.eu\/de\/wp-json\/wp\/v2\/product_cat?post=12270"},{"taxonomy":"product_tag","embeddable":true,"href":"https:\/\/triga.semtix.eu\/de\/wp-json\/wp\/v2\/product_tag?post=12270"}],"curies":[{"name":"wp","href":"https:\/\/api.w.org\/{rel}","templated":true}]}}