{"id":12285,"date":"2025-05-29T11:52:39","date_gmt":"2025-05-29T09:52:39","guid":{"rendered":"https:\/\/triga.semtix.eu\/produkt\/boeschungsschaufel-mit-gd-motor-2\/"},"modified":"2025-05-29T11:52:39","modified_gmt":"2025-05-29T09:52:39","slug":"boeschungsschaufel-mit-gd-motor-2","status":"publish","type":"product","link":"https:\/\/triga.semtix.eu\/de\/produkt\/boeschungsschaufel-mit-gd-motor-2\/","title":{"rendered":"B\u00f6schungsschaufel mit GD Motor"},"content":{"rendered":"","protected":false},"excerpt":{"rendered":"<p>Die B\u00f6schungsschaufel WR f\u00fcr g\u00e4ngige Einsatzbedingungen ist f\u00fcr Graben-, Planier-, Einebnungs- und andere Abschlussarbeiten ausgelegt. Kippen mittels wartungsfreiem Hydromotor mit langer Lebensdauer.<\/p>\n","protected":false},"featured_media":6554,"comment_status":"closed","ping_status":"closed","template":"","meta":{"_acf_changed":false},"product_brand":[],"product_cat":[2562],"product_tag":[2588,2563,2564,2565],"class_list":{"0":"post-12285","1":"product","2":"type-product","3":"status-publish","4":"has-post-thumbnail","6":"product_cat-kleine-bagger","7":"product_tag-1-de","8":"product_tag-2-de","9":"product_tag-3-de","10":"product_tag-4-de","11":"pa_druhy-prace-3295","12":"pa_objem-l-5334","13":"pa_objem-l-5369","14":"pa_objem-l-5371","15":"pa_objem-l-5373","16":"pa_objem-l-5339","17":"pa_objem-l-5330","18":"pa_objem-l-5332","19":"pa_podminky-prace-gd","20":"pa_sirka-mm-5773","21":"pa_sirka-mm-5780","22":"pa_sirka-mm-5784","23":"pa_sirka-mm-5786","24":"pa_sirka-mm-5788","25":"pa_sirka-mm-5771","26":"pa_trida-5872","27":"pa_trida-5874","28":"pa_trida-5876","29":"pa_trida-5878","31":"first","32":"instock","33":"purchasable","34":"product-type-variable"},"acf":[],"_links":{"self":[{"href":"https:\/\/triga.semtix.eu\/de\/wp-json\/wp\/v2\/product\/12285","targetHints":{"allow":["GET"]}}],"collection":[{"href":"https:\/\/triga.semtix.eu\/de\/wp-json\/wp\/v2\/product"}],"about":[{"href":"https:\/\/triga.semtix.eu\/de\/wp-json\/wp\/v2\/types\/product"}],"replies":[{"embeddable":true,"href":"https:\/\/triga.semtix.eu\/de\/wp-json\/wp\/v2\/comments?post=12285"}],"wp:featuredmedia":[{"embeddable":true,"href":"https:\/\/triga.semtix.eu\/de\/wp-json\/wp\/v2\/media\/6554"}],"wp:attachment":[{"href":"https:\/\/triga.semtix.eu\/de\/wp-json\/wp\/v2\/media?parent=12285"}],"wp:term":[{"taxonomy":"product_brand","embeddable":true,"href":"https:\/\/triga.semtix.eu\/de\/wp-json\/wp\/v2\/product_brand?post=12285"},{"taxonomy":"product_cat","embeddable":true,"href":"https:\/\/triga.semtix.eu\/de\/wp-json\/wp\/v2\/product_cat?post=12285"},{"taxonomy":"product_tag","embeddable":true,"href":"https:\/\/triga.semtix.eu\/de\/wp-json\/wp\/v2\/product_tag?post=12285"}],"curies":[{"name":"wp","href":"https:\/\/api.w.org\/{rel}","templated":true}]}}