{"id":12335,"date":"2025-05-29T11:54:33","date_gmt":"2025-05-29T09:54:33","guid":{"rendered":"https:\/\/triga.semtix.eu\/produkt\/grabenloeffel-hd-2\/"},"modified":"2025-05-29T11:54:33","modified_gmt":"2025-05-29T09:54:33","slug":"grabenloeffel-hd-2","status":"publish","type":"product","link":"https:\/\/triga.semtix.eu\/de\/produkt\/grabenloeffel-hd-2\/","title":{"rendered":"Grabenl\u00f6ffel HD"},"content":{"rendered":"","protected":false},"excerpt":{"rendered":"<p>Der Grabenl\u00f6ffel V f\u00fcr schwere Bedingungen wird nach individuellen Anforderungen gefertigt und ist f\u00fcr das Ausheben von Gr\u00e4ben mit vorab festgelegter Breite und Neigung bestimmt.<\/p>\n","protected":false},"featured_media":6362,"comment_status":"closed","ping_status":"closed","template":"","meta":{"_acf_changed":false},"product_brand":[],"product_cat":[2562],"product_tag":[2588,2563,2564,2565],"class_list":{"0":"post-12335","1":"product","2":"type-product","3":"status-publish","4":"has-post-thumbnail","6":"product_cat-kleine-bagger","7":"product_tag-1-de","8":"product_tag-2-de","9":"product_tag-3-de","10":"product_tag-4-de","11":"pa_druhy-prace-3295","12":"pa_objem-l-5366","13":"pa_objem-l-5321","14":"pa_objem-l-5323","15":"pa_podminky-prace-hd","16":"pa_sirka-mm-5765","17":"pa_sirka-mm-5767","18":"pa_sirka-mm-5769","19":"pa_sirka-mm-5775","20":"pa_trida-5872","21":"pa_trida-5874","22":"pa_trida-5876","23":"pa_trida-5878","25":"first","26":"instock","27":"purchasable","28":"product-type-variable"},"acf":[],"_links":{"self":[{"href":"https:\/\/triga.semtix.eu\/de\/wp-json\/wp\/v2\/product\/12335","targetHints":{"allow":["GET"]}}],"collection":[{"href":"https:\/\/triga.semtix.eu\/de\/wp-json\/wp\/v2\/product"}],"about":[{"href":"https:\/\/triga.semtix.eu\/de\/wp-json\/wp\/v2\/types\/product"}],"replies":[{"embeddable":true,"href":"https:\/\/triga.semtix.eu\/de\/wp-json\/wp\/v2\/comments?post=12335"}],"wp:featuredmedia":[{"embeddable":true,"href":"https:\/\/triga.semtix.eu\/de\/wp-json\/wp\/v2\/media\/6362"}],"wp:attachment":[{"href":"https:\/\/triga.semtix.eu\/de\/wp-json\/wp\/v2\/media?parent=12335"}],"wp:term":[{"taxonomy":"product_brand","embeddable":true,"href":"https:\/\/triga.semtix.eu\/de\/wp-json\/wp\/v2\/product_brand?post=12335"},{"taxonomy":"product_cat","embeddable":true,"href":"https:\/\/triga.semtix.eu\/de\/wp-json\/wp\/v2\/product_cat?post=12335"},{"taxonomy":"product_tag","embeddable":true,"href":"https:\/\/triga.semtix.eu\/de\/wp-json\/wp\/v2\/product_tag?post=12335"}],"curies":[{"name":"wp","href":"https:\/\/api.w.org\/{rel}","templated":true}]}}