{"id":12393,"date":"2025-05-29T11:54:12","date_gmt":"2025-05-29T09:54:12","guid":{"rendered":"https:\/\/triga.semtix.eu\/produkt\/tiefloeffel-sd\/"},"modified":"2025-05-29T11:54:12","modified_gmt":"2025-05-29T09:54:12","slug":"tiefloeffel-sd","status":"publish","type":"product","link":"https:\/\/triga.semtix.eu\/de\/produkt\/tiefloeffel-sd\/","title":{"rendered":"Tiefl\u00f6ffel SD"},"content":{"rendered":"","protected":false},"excerpt":{"rendered":"<p>Der Tiefl\u00f6ffel P f\u00fcr anspruchsvolle Bedingungen ist f\u00fcr den Einsatz in sehr schlagfesten, mittelabrasiven Materialien ausgelegt. Graben und Verladen von Materialien mit durchschnittlicher H\u00e4rte wie felsigem Boden und Kalkstein. Seitliche Schneidkantenprotektoren dienen als zus\u00e4tzlicher Verschlei\u00dfschutz.<\/p>\n","protected":false},"featured_media":6449,"comment_status":"closed","ping_status":"closed","template":"","meta":{"_acf_changed":false},"product_brand":[],"product_cat":[2560],"product_tag":[2561,2605,2606,2611,5952,5953,2577],"class_list":{"0":"post-12393","1":"product","2":"type-product","3":"status-publish","4":"has-post-thumbnail","6":"product_cat-grose-bagger","7":"product_tag-10-de","8":"product_tag-11-de","9":"product_tag-12-de","10":"product_tag-13-de","11":"product_tag-5952","12":"product_tag-5953","13":"product_tag-5-de","14":"pa_druhy-prace-3297","15":"pa_komercni-kod-p-sd-10-1000","16":"pa_komercni-kod-p-sd-10-1200","17":"pa_komercni-kod-p-sd-10-1400","18":"pa_komercni-kod-p-sd-10-1500","19":"pa_komercni-kod-p-sd-10-600","20":"pa_komercni-kod-p-sd-10-800","21":"pa_komercni-kod-p-sd-105-1000","22":"pa_komercni-kod-p-sd-105-1200","23":"pa_komercni-kod-p-sd-105-1400","24":"pa_komercni-kod-p-sd-105-1500","25":"pa_komercni-kod-p-sd-105-600","26":"pa_komercni-kod-p-sd-105-800","27":"pa_komercni-kod-p-sd-11-1000","28":"pa_komercni-kod-p-sd-11-1200","29":"pa_komercni-kod-p-sd-11-1500","30":"pa_komercni-kod-p-sd-11-1600","31":"pa_komercni-kod-p-sd-11-850","32":"pa_komercni-kod-p-sd-12-1300","33":"pa_komercni-kod-p-sd-12-1550","34":"pa_komercni-kod-p-sd-12-1650","35":"pa_komercni-kod-p-sd-12-1750","36":"pa_komercni-kod-p-sd-12-1850","37":"pa_komercni-kod-p-sd-125-1300","38":"pa_komercni-kod-p-sd-125-1550","39":"pa_komercni-kod-p-sd-125-1650","40":"pa_komercni-kod-p-sd-125-1750","41":"pa_komercni-kod-p-sd-125-1850","42":"pa_komercni-kod-p-sd-13-1750","43":"pa_komercni-kod-p-sd-13-1850","44":"pa_komercni-kod-p-sd-13-1950","45":"pa_komercni-kod-p-sd-14-1800","46":"pa_komercni-kod-p-sd-14-1900","47":"pa_komercni-kod-p-sd-14-2000","48":"pa_komercni-kod-p-sd-145-1800","49":"pa_komercni-kod-p-sd-145-1900","50":"pa_komercni-kod-p-sd-145-2000","51":"pa_komercni-kod-p-sd-15-1900","52":"pa_komercni-kod-p-sd-15-2000","53":"pa_komercni-kod-p-sd-15-2100","54":"pa_komercni-kod-1-p-hd-13","55":"pa_komercni-kod-1-p-sd-10","56":"pa_komercni-kod-1-p-sd-105","57":"pa_komercni-kod-1-p-sd-11","58":"pa_komercni-kod-1-p-sd-12","59":"pa_komercni-kod-1-p-sd-125","60":"pa_komercni-kod-1-p-sd-14","61":"pa_komercni-kod-1-p-sd-145","62":"pa_komercni-kod-1-p-sd-15","63":"pa_objem-m3-0-46","64":"pa_objem-m3-0-5","65":"pa_objem-m3-0-68","66":"pa_objem-m3-0-75","67":"pa_objem-m3-0-86","68":"pa_objem-m3-0-91","69":"pa_objem-m3-5530","70":"pa_objem-m3-1-06","71":"pa_objem-m3-1-19","72":"pa_objem-m3-1-27","73":"pa_objem-m3-1-32","74":"pa_objem-m3-1-43","75":"pa_objem-m3-1-53","76":"pa_objem-m3-1-54","77":"pa_objem-m3-1-67","78":"pa_objem-m3-1-8","79":"pa_objem-m3-5546","80":"pa_objem-m3-2-23","81":"pa_objem-m3-2-41","82":"pa_objem-m3-2-53","83":"pa_objem-m3-2-6","84":"pa_objem-m3-2-75","85":"pa_objem-m3-2-77","86":"pa_objem-m3-2-97","87":"pa_objem-m3-3-19","88":"pa_objem-m3-3-26","89":"pa_objem-m3-3-45","90":"pa_objem-m3-3-64","91":"pa_objem-m3-3-73","92":"pa_objem-m3-3-87","93":"pa_objem-m3-9285","94":"pa_objem-m3-4-15","95":"pa_objem-m3-4-26","96":"pa_objem-m3-4-43","97":"pa_objem-m3-4-7","98":"pa_objem-m3-9300","99":"pa_objem-m3-5-3","100":"pa_podminky-prace-sd","101":"pa_sirka-mm-5773","102":"pa_sirka-mm-5780","103":"pa_sirka-mm-5784","104":"pa_sirka-mm-5786","105":"pa_sirka-mm-5788","106":"pa_sirka-mm-5813","107":"pa_sirka-mm-5793","108":"pa_sirka-mm-5815","109":"pa_sirka-mm-5817","110":"pa_sirka-mm-5797","111":"pa_sirka-mm-5819","112":"pa_sirka-mm-5801","113":"pa_sirka-mm-5803","114":"pa_sirka-mm-5777","115":"pa_sirka-mm-5771","116":"pa_sirka-mm-5811","117":"pa_trida-5892","118":"pa_trida-10-5","119":"pa_trida-5896","120":"pa_trida-5898","121":"pa_trida-12-5","122":"pa_trida-5900","123":"pa_trida-5902","124":"pa_trida-14-5","125":"pa_trida-6179","126":"pa_vyrobek-p","128":"first","129":"instock","130":"purchasable","131":"product-type-variable"},"acf":[],"_links":{"self":[{"href":"https:\/\/triga.semtix.eu\/de\/wp-json\/wp\/v2\/product\/12393","targetHints":{"allow":["GET"]}}],"collection":[{"href":"https:\/\/triga.semtix.eu\/de\/wp-json\/wp\/v2\/product"}],"about":[{"href":"https:\/\/triga.semtix.eu\/de\/wp-json\/wp\/v2\/types\/product"}],"replies":[{"embeddable":true,"href":"https:\/\/triga.semtix.eu\/de\/wp-json\/wp\/v2\/comments?post=12393"}],"wp:featuredmedia":[{"embeddable":true,"href":"https:\/\/triga.semtix.eu\/de\/wp-json\/wp\/v2\/media\/6449"}],"wp:attachment":[{"href":"https:\/\/triga.semtix.eu\/de\/wp-json\/wp\/v2\/media?parent=12393"}],"wp:term":[{"taxonomy":"product_brand","embeddable":true,"href":"https:\/\/triga.semtix.eu\/de\/wp-json\/wp\/v2\/product_brand?post=12393"},{"taxonomy":"product_cat","embeddable":true,"href":"https:\/\/triga.semtix.eu\/de\/wp-json\/wp\/v2\/product_cat?post=12393"},{"taxonomy":"product_tag","embeddable":true,"href":"https:\/\/triga.semtix.eu\/de\/wp-json\/wp\/v2\/product_tag?post=12393"}],"curies":[{"name":"wp","href":"https:\/\/api.w.org\/{rel}","templated":true}]}}