{"id":12453,"date":"2025-09-18T18:22:21","date_gmt":"2025-09-18T16:22:21","guid":{"rendered":"https:\/\/triga.semtix.eu\/produkt\/boeschungsschaufel-mit-gd-motor-3\/"},"modified":"2025-09-18T18:22:21","modified_gmt":"2025-09-18T16:22:21","slug":"boeschungsschaufel-mit-gd-motor-3","status":"publish","type":"product","link":"https:\/\/triga.semtix.eu\/de\/produkt\/boeschungsschaufel-mit-gd-motor-3\/","title":{"rendered":"B\u00f6schungsschaufel mit GD Motor"},"content":{"rendered":"","protected":false},"excerpt":{"rendered":"<p>Die kippbare B\u00f6schungsschaufel W f\u00fcr schwere Einsatzbedingungen ist f\u00fcr Graben-, Planier-, Einebnungs- und andere Fertigstellungsarbeiten ausgelegt. Kippen mittels wartungsfreiem Hydromotor mit langer Lebensdauer.<\/p>\n","protected":false},"featured_media":6410,"comment_status":"closed","ping_status":"closed","template":"","meta":{"_acf_changed":false},"product_brand":[],"product_cat":[2560],"product_tag":[2561],"class_list":{"0":"post-12453","1":"product","2":"type-product","3":"status-publish","4":"has-post-thumbnail","6":"product_cat-grose-bagger","7":"product_tag-10-de","8":"pa_druhy-prace-3295","9":"pa_objem-m3-1-26","10":"pa_objem-m3-1-38","11":"pa_objem-m3-1-51","12":"pa_podminky-prace-hd","13":"pa_sirka-mm-5803","14":"pa_sirka-mm-5807","15":"pa_sirka-mm-5809","16":"pa_trida-5892","18":"first","19":"instock","20":"purchasable","21":"product-type-variable"},"acf":[],"_links":{"self":[{"href":"https:\/\/triga.semtix.eu\/de\/wp-json\/wp\/v2\/product\/12453","targetHints":{"allow":["GET"]}}],"collection":[{"href":"https:\/\/triga.semtix.eu\/de\/wp-json\/wp\/v2\/product"}],"about":[{"href":"https:\/\/triga.semtix.eu\/de\/wp-json\/wp\/v2\/types\/product"}],"replies":[{"embeddable":true,"href":"https:\/\/triga.semtix.eu\/de\/wp-json\/wp\/v2\/comments?post=12453"}],"wp:featuredmedia":[{"embeddable":true,"href":"https:\/\/triga.semtix.eu\/de\/wp-json\/wp\/v2\/media\/6410"}],"wp:attachment":[{"href":"https:\/\/triga.semtix.eu\/de\/wp-json\/wp\/v2\/media?parent=12453"}],"wp:term":[{"taxonomy":"product_brand","embeddable":true,"href":"https:\/\/triga.semtix.eu\/de\/wp-json\/wp\/v2\/product_brand?post=12453"},{"taxonomy":"product_cat","embeddable":true,"href":"https:\/\/triga.semtix.eu\/de\/wp-json\/wp\/v2\/product_cat?post=12453"},{"taxonomy":"product_tag","embeddable":true,"href":"https:\/\/triga.semtix.eu\/de\/wp-json\/wp\/v2\/product_tag?post=12453"}],"curies":[{"name":"wp","href":"https:\/\/api.w.org\/{rel}","templated":true}]}}