{"id":12506,"date":"2025-05-29T11:53:17","date_gmt":"2025-05-29T09:53:17","guid":{"rendered":"https:\/\/triga.semtix.eu\/produkt\/podkopova-lopata-gd-2\/"},"modified":"2025-10-19T10:42:05","modified_gmt":"2025-10-19T08:42:05","slug":"podkopova-lopata-gd-2","status":"publish","type":"product","link":"https:\/\/triga.semtix.eu\/de\/produkt\/podkopova-lopata-gd-2\/","title":{"rendered":"Tiefl\u00f6ffel GD"},"content":{"rendered":"","protected":false},"excerpt":{"rendered":"<p>\u200cDer Tiefl\u00f6ffel P f\u00fcr normale Bedingungen ist f\u00fcr den Einsatz mit geringerem Verschlei\u00df und geringen St\u00f6\u00dfen ausgelegt. Zum Graben und Verladen von losen und leicht verdichteten Materialien wie Erde, Lehm, Schmutz, Schlamm und Ton. <\/p>\n","protected":false},"featured_media":6344,"comment_status":"closed","ping_status":"closed","template":"","meta":{"_acf_changed":false},"product_brand":[],"product_cat":[2576],"product_tag":[2577,2578,2579,2581,2580],"class_list":{"0":"post-12506","1":"product","2":"type-product","3":"status-publish","4":"has-post-thumbnail","6":"product_cat-mittlere-bagger","7":"product_tag-5-de","8":"product_tag-6-de","9":"product_tag-7-de","10":"product_tag-8-de","11":"product_tag-9-de","12":"pa_druhy-prace-3297","13":"pa_druhy-prace-3295","14":"pa_komercni-kod-p-gd-5-1000","15":"pa_komercni-kod-p-gd-5-300","16":"pa_komercni-kod-p-gd-5-400","17":"pa_komercni-kod-p-gd-5-500","18":"pa_komercni-kod-p-gd-5-600","19":"pa_komercni-kod-p-gd-5-700","20":"pa_komercni-kod-p-gd-5-800","21":"pa_komercni-kod-p-gd-5-900","22":"pa_komercni-kod-p-gd-6-1000","23":"pa_komercni-kod-p-gd-6-400","24":"pa_komercni-kod-p-gd-6-500","25":"pa_komercni-kod-p-gd-6-600","26":"pa_komercni-kod-p-gd-6-700","27":"pa_komercni-kod-p-gd-6-800","28":"pa_komercni-kod-p-gd-6-900","29":"pa_komercni-kod-p-gd-7-1000","30":"pa_komercni-kod-p-gd-7-1100","31":"pa_komercni-kod-p-gd-7-1200","32":"pa_komercni-kod-p-gd-7-600","33":"pa_komercni-kod-p-gd-7-700","34":"pa_komercni-kod-p-gd-7-800","35":"pa_komercni-kod-p-gd-7-900","36":"pa_komercni-kod-p-gd-8-1000","37":"pa_komercni-kod-p-gd-8-1100","38":"pa_komercni-kod-p-gd-8-1200","39":"pa_komercni-kod-p-gd-8-1300","40":"pa_komercni-kod-p-gd-8-600","41":"pa_komercni-kod-p-gd-8-700","42":"pa_komercni-kod-p-gd-8-800","43":"pa_komercni-kod-p-gd-8-900","44":"pa_komercni-kod-p-gd-9-1000","45":"pa_komercni-kod-p-gd-9-1100","46":"pa_komercni-kod-p-gd-9-1200","47":"pa_komercni-kod-p-gd-9-1300","48":"pa_komercni-kod-p-gd-9-1400","49":"pa_komercni-kod-p-gd-9-1500","50":"pa_komercni-kod-p-gd-9-600","51":"pa_komercni-kod-p-gd-9-700","52":"pa_komercni-kod-p-gd-9-800","53":"pa_komercni-kod-p-gd-9-900","54":"pa_komercni-kod-1-p-gd-5","55":"pa_komercni-kod-1-p-gd-6","56":"pa_komercni-kod-1-p-gd-7","57":"pa_komercni-kod-1-p-gd-8","58":"pa_komercni-kod-1-p-gd-9","59":"pa_objem-l-5481","60":"pa_objem-l-5483","61":"pa_objem-l-5347","62":"pa_objem-l-5485","63":"pa_objem-l-5391","64":"pa_objem-l-5487","65":"pa_objem-l-5418","66":"pa_objem-l-5393","67":"pa_objem-l-5395","68":"pa_objem-l-5319","69":"pa_objem-l-5420","70":"pa_objem-l-5397","71":"pa_objem-l-5399","72":"pa_objem-l-5422","73":"pa_objem-l-5439","74":"pa_objem-l-5401","75":"pa_objem-l-5424","76":"pa_objem-l-5451","77":"pa_objem-l-5403","78":"pa_objem-l-5441","79":"pa_objem-l-5473","80":"pa_objem-l-5426","81":"pa_objem-l-5453","82":"pa_objem-l-5428","83":"pa_objem-l-5475","84":"pa_objem-l-5435","85":"pa_objem-l-5455","86":"pa_objem-l-5443","87":"pa_objem-l-5437","88":"pa_objem-l-5477","89":"pa_objem-l-5445","90":"pa_objem-l-5457","91":"pa_objem-l-5479","92":"pa_objem-l-5459","93":"pa_objem-l-5461","94":"pa_objem-l-5463","95":"pa_podminky-prace-gd","96":"pa_sirka-mm-5773","97":"pa_sirka-mm-5805","98":"pa_sirka-mm-5780","99":"pa_sirka-mm-5784","100":"pa_sirka-mm-5786","101":"pa_sirka-mm-5788","102":"pa_sirka-mm-5767","103":"pa_sirka-mm-5769","104":"pa_sirka-mm-5775","105":"pa_sirka-mm-5777","106":"pa_sirka-mm-5782","107":"pa_sirka-mm-5771","108":"pa_sirka-mm-5791","109":"pa_trida-5880","110":"pa_trida-5884","111":"pa_trida-5886","112":"pa_trida-5888","113":"pa_trida-5890","114":"pa_vyrobek-p","116":"first","117":"instock","118":"purchasable","119":"product-type-variable"},"acf":[],"_links":{"self":[{"href":"https:\/\/triga.semtix.eu\/de\/wp-json\/wp\/v2\/product\/12506","targetHints":{"allow":["GET"]}}],"collection":[{"href":"https:\/\/triga.semtix.eu\/de\/wp-json\/wp\/v2\/product"}],"about":[{"href":"https:\/\/triga.semtix.eu\/de\/wp-json\/wp\/v2\/types\/product"}],"replies":[{"embeddable":true,"href":"https:\/\/triga.semtix.eu\/de\/wp-json\/wp\/v2\/comments?post=12506"}],"wp:featuredmedia":[{"embeddable":true,"href":"https:\/\/triga.semtix.eu\/de\/wp-json\/wp\/v2\/media\/6344"}],"wp:attachment":[{"href":"https:\/\/triga.semtix.eu\/de\/wp-json\/wp\/v2\/media?parent=12506"}],"wp:term":[{"taxonomy":"product_brand","embeddable":true,"href":"https:\/\/triga.semtix.eu\/de\/wp-json\/wp\/v2\/product_brand?post=12506"},{"taxonomy":"product_cat","embeddable":true,"href":"https:\/\/triga.semtix.eu\/de\/wp-json\/wp\/v2\/product_cat?post=12506"},{"taxonomy":"product_tag","embeddable":true,"href":"https:\/\/triga.semtix.eu\/de\/wp-json\/wp\/v2\/product_tag?post=12506"}],"curies":[{"name":"wp","href":"https:\/\/api.w.org\/{rel}","templated":true}]}}