{"id":7277,"date":"2025-05-29T11:56:10","date_gmt":"2025-05-29T09:56:10","guid":{"rendered":"https:\/\/triga.semtix.eu\/produkt\/hd-boeschungsschaufel\/"},"modified":"2025-10-17T10:22:42","modified_gmt":"2025-10-17T08:22:42","slug":"hd-boeschungsschaufel","status":"publish","type":"product","link":"https:\/\/triga.semtix.eu\/de\/produkt\/hd-boeschungsschaufel\/","title":{"rendered":"B\u00f6schungsschaufel HD"},"content":{"rendered":"<p>Die B\u00f6schungsschaufel S f\u00fcr schwere Einsatzbedingungen ist f\u00fcr Graben-, Planier-, Einebnungs- und andere Endarbeiten vorgesehen.<\/p>\n","protected":false},"excerpt":{"rendered":"<p>Die B\u00f6schungsschaufel S f\u00fcr schwere Einsatzbedingungen ist f\u00fcr Graben-, Planier-, Einebnungs- und andere Endarbeiten vorgesehen.<\/p>\n","protected":false},"featured_media":6431,"comment_status":"closed","ping_status":"closed","template":"","meta":{"_acf_changed":false},"product_brand":[],"product_cat":[2560],"product_tag":[2561],"class_list":{"0":"post-7277","1":"product","2":"type-product","3":"status-publish","4":"has-post-thumbnail","6":"product_cat-grose-bagger","7":"product_tag-10-de","8":"pa_druhy-prace-3295","9":"pa_komercni-kod-s-hd-10-2000","10":"pa_komercni-kod-s-hd-10-2200","11":"pa_komercni-kod-s-hd-10-2400","12":"pa_komercni-kod-1-s-hd-10","13":"pa_objem-m3-1-26","14":"pa_objem-m3-1-38","15":"pa_objem-m3-1-51","16":"pa_podminky-prace-hd","17":"pa_sirka-mm-5803","18":"pa_sirka-mm-5807","19":"pa_sirka-mm-5809","20":"pa_trida-5892","21":"pa_vyrobek-s","23":"first","24":"instock","25":"purchasable","26":"product-type-variable"},"acf":[],"_links":{"self":[{"href":"https:\/\/triga.semtix.eu\/de\/wp-json\/wp\/v2\/product\/7277","targetHints":{"allow":["GET"]}}],"collection":[{"href":"https:\/\/triga.semtix.eu\/de\/wp-json\/wp\/v2\/product"}],"about":[{"href":"https:\/\/triga.semtix.eu\/de\/wp-json\/wp\/v2\/types\/product"}],"replies":[{"embeddable":true,"href":"https:\/\/triga.semtix.eu\/de\/wp-json\/wp\/v2\/comments?post=7277"}],"wp:featuredmedia":[{"embeddable":true,"href":"https:\/\/triga.semtix.eu\/de\/wp-json\/wp\/v2\/media\/6431"}],"wp:attachment":[{"href":"https:\/\/triga.semtix.eu\/de\/wp-json\/wp\/v2\/media?parent=7277"}],"wp:term":[{"taxonomy":"product_brand","embeddable":true,"href":"https:\/\/triga.semtix.eu\/de\/wp-json\/wp\/v2\/product_brand?post=7277"},{"taxonomy":"product_cat","embeddable":true,"href":"https:\/\/triga.semtix.eu\/de\/wp-json\/wp\/v2\/product_cat?post=7277"},{"taxonomy":"product_tag","embeddable":true,"href":"https:\/\/triga.semtix.eu\/de\/wp-json\/wp\/v2\/product_tag?post=7277"}],"curies":[{"name":"wp","href":"https:\/\/api.w.org\/{rel}","templated":true}]}}