{"id":7297,"date":"2025-05-29T11:56:05","date_gmt":"2025-05-29T09:56:05","guid":{"rendered":"https:\/\/triga.semtix.eu\/produkt\/planierschaufel-gd\/"},"modified":"2025-10-17T10:22:43","modified_gmt":"2025-10-17T08:22:43","slug":"planierschaufel-gd","status":"publish","type":"product","link":"https:\/\/triga.semtix.eu\/de\/produkt\/planierschaufel-gd\/","title":{"rendered":"B\u00f6schungsschaufel GD"},"content":{"rendered":"","protected":false},"excerpt":{"rendered":"<p>Die B\u00f6schungsschaufel S f\u00fcr \u00fcbliche Einsatzbedingungen ist f\u00fcr Graben-, Planier-, Einebnungs- und andere Endarbeiten vorgesehen.<\/p>\n","protected":false},"featured_media":6458,"comment_status":"closed","ping_status":"closed","template":"","meta":{"_acf_changed":false},"product_brand":[],"product_cat":[2560],"product_tag":[2561],"class_list":{"0":"post-7297","1":"product","2":"type-product","3":"status-publish","4":"has-post-thumbnail","6":"product_cat-grose-bagger","7":"product_tag-10-de","8":"pa_druhy-prace-3295","9":"pa_komercni-kod-s-gd-10-2000","10":"pa_komercni-kod-s-gd-10-2200","11":"pa_komercni-kod-s-gd-10-2400","12":"pa_komercni-kod-1-s-gd-10","13":"pa_objem-m3-1-26","14":"pa_objem-m3-1-38","15":"pa_objem-m3-1-51","16":"pa_podminky-prace-gd","17":"pa_sirka-mm-5803","18":"pa_sirka-mm-5807","19":"pa_sirka-mm-5809","20":"pa_trida-5892","21":"pa_vyrobek-s","23":"first","24":"instock","25":"purchasable","26":"product-type-variable"},"acf":[],"_links":{"self":[{"href":"https:\/\/triga.semtix.eu\/de\/wp-json\/wp\/v2\/product\/7297","targetHints":{"allow":["GET"]}}],"collection":[{"href":"https:\/\/triga.semtix.eu\/de\/wp-json\/wp\/v2\/product"}],"about":[{"href":"https:\/\/triga.semtix.eu\/de\/wp-json\/wp\/v2\/types\/product"}],"replies":[{"embeddable":true,"href":"https:\/\/triga.semtix.eu\/de\/wp-json\/wp\/v2\/comments?post=7297"}],"wp:featuredmedia":[{"embeddable":true,"href":"https:\/\/triga.semtix.eu\/de\/wp-json\/wp\/v2\/media\/6458"}],"wp:attachment":[{"href":"https:\/\/triga.semtix.eu\/de\/wp-json\/wp\/v2\/media?parent=7297"}],"wp:term":[{"taxonomy":"product_brand","embeddable":true,"href":"https:\/\/triga.semtix.eu\/de\/wp-json\/wp\/v2\/product_brand?post=7297"},{"taxonomy":"product_cat","embeddable":true,"href":"https:\/\/triga.semtix.eu\/de\/wp-json\/wp\/v2\/product_cat?post=7297"},{"taxonomy":"product_tag","embeddable":true,"href":"https:\/\/triga.semtix.eu\/de\/wp-json\/wp\/v2\/product_tag?post=7297"}],"curies":[{"name":"wp","href":"https:\/\/api.w.org\/{rel}","templated":true}]}}