{"id":7333,"date":"2025-05-29T11:56:05","date_gmt":"2025-05-29T09:56:05","guid":{"rendered":"https:\/\/triga.semtix.eu\/produkt\/hd-boeschungsschaufel-3\/"},"modified":"2025-10-17T10:22:44","modified_gmt":"2025-10-17T08:22:44","slug":"hd-boeschungsschaufel-3","status":"publish","type":"product","link":"https:\/\/triga.semtix.eu\/de\/produkt\/hd-boeschungsschaufel-3\/","title":{"rendered":"B\u00f6schungsschaufel HD"},"content":{"rendered":"","protected":false},"excerpt":{"rendered":"<p>Die B\u00f6schungsschaufel S f\u00fcr schwere Einsatzbedingungen ist f\u00fcr Graben-, Planier-, Einebnungs- und andere Endarbeiten vorgesehen.<\/p>\n","protected":false},"featured_media":6305,"comment_status":"closed","ping_status":"closed","template":"","meta":{"_acf_changed":false},"product_brand":[],"product_cat":[2576],"product_tag":[2577,2578,2579,2581,2580],"class_list":{"0":"post-7333","1":"product","2":"type-product","3":"status-publish","4":"has-post-thumbnail","6":"product_cat-mittlere-bagger","7":"product_tag-5-de","8":"product_tag-6-de","9":"product_tag-7-de","10":"product_tag-8-de","11":"product_tag-9-de","12":"pa_druhy-prace-3295","13":"pa_objem-l-5497","14":"pa_objem-l-5408","15":"pa_objem-l-5410","16":"pa_objem-l-5401","17":"pa_objem-l-5414","18":"pa_objem-l-5412","19":"pa_objem-l-5416","20":"pa_objem-l-5433","21":"pa_objem-l-5435","22":"pa_objem-l-5437","23":"pa_objem-l-5469","24":"pa_objem-l-5471","25":"pa_objem-l-5493","26":"pa_objem-l-5495","27":"pa_podminky-prace-hd","28":"pa_sirka-mm-5788","29":"pa_sirka-mm-5793","30":"pa_sirka-mm-5795","31":"pa_sirka-mm-5797","32":"pa_sirka-mm-5801","33":"pa_sirka-mm-5803","34":"pa_sirka-mm-5807","35":"pa_sirka-mm-5809","36":"pa_trida-5880","37":"pa_trida-5-5","38":"pa_trida-5884","39":"pa_trida-5886","40":"pa_trida-5888","41":"pa_trida-5890","42":"pa_vyrobek-s","44":"first","45":"instock","46":"purchasable","47":"product-type-variable"},"acf":[],"_links":{"self":[{"href":"https:\/\/triga.semtix.eu\/de\/wp-json\/wp\/v2\/product\/7333","targetHints":{"allow":["GET"]}}],"collection":[{"href":"https:\/\/triga.semtix.eu\/de\/wp-json\/wp\/v2\/product"}],"about":[{"href":"https:\/\/triga.semtix.eu\/de\/wp-json\/wp\/v2\/types\/product"}],"replies":[{"embeddable":true,"href":"https:\/\/triga.semtix.eu\/de\/wp-json\/wp\/v2\/comments?post=7333"}],"wp:featuredmedia":[{"embeddable":true,"href":"https:\/\/triga.semtix.eu\/de\/wp-json\/wp\/v2\/media\/6305"}],"wp:attachment":[{"href":"https:\/\/triga.semtix.eu\/de\/wp-json\/wp\/v2\/media?parent=7333"}],"wp:term":[{"taxonomy":"product_brand","embeddable":true,"href":"https:\/\/triga.semtix.eu\/de\/wp-json\/wp\/v2\/product_brand?post=7333"},{"taxonomy":"product_cat","embeddable":true,"href":"https:\/\/triga.semtix.eu\/de\/wp-json\/wp\/v2\/product_cat?post=7333"},{"taxonomy":"product_tag","embeddable":true,"href":"https:\/\/triga.semtix.eu\/de\/wp-json\/wp\/v2\/product_tag?post=7333"}],"curies":[{"name":"wp","href":"https:\/\/api.w.org\/{rel}","templated":true}]}}