{"id":7377,"date":"2025-05-29T11:56:00","date_gmt":"2025-05-29T09:56:00","guid":{"rendered":"https:\/\/triga.semtix.eu\/produkt\/planierschaufel-gd-2\/"},"modified":"2025-10-17T10:22:45","modified_gmt":"2025-10-17T08:22:45","slug":"planierschaufel-gd-2","status":"publish","type":"product","link":"https:\/\/triga.semtix.eu\/de\/produkt\/planierschaufel-gd-2\/","title":{"rendered":"B\u00f6schungsschaufel GD"},"content":{"rendered":"","protected":false},"excerpt":{"rendered":"<p>Die B\u00f6schungsschaufel S f\u00fcr \u00fcbliche Einsatzbedingungen ist f\u00fcr Graben-, Planier-, Einebnungs- und andere Endarbeiten vorgesehen.<\/p>\n","protected":false},"featured_media":6371,"comment_status":"closed","ping_status":"closed","template":"","meta":{"_acf_changed":false},"product_brand":[],"product_cat":[2576],"product_tag":[2577,2578,2579,2581,2580],"class_list":{"0":"post-7377","1":"product","2":"type-product","3":"status-publish","4":"has-post-thumbnail","6":"product_cat-mittlere-bagger","7":"product_tag-5-de","8":"product_tag-6-de","9":"product_tag-7-de","10":"product_tag-8-de","11":"product_tag-9-de","12":"pa_druhy-prace-3295","13":"pa_komercni-kod-s-gd-5-1500","14":"pa_komercni-kod-s-gd-5-1600","15":"pa_komercni-kod-s-gd-5-1700","16":"pa_komercni-kod-s-gd-5-1800","17":"pa_komercni-kod-s-gd-55-1500","18":"pa_komercni-kod-s-gd-55-1800","19":"pa_komercni-kod-s-gd-6-7-1800","20":"pa_komercni-kod-s-gd-6-7-1900","21":"pa_komercni-kod-s-gd-6-7-2000","22":"pa_komercni-kod-s-gd-8-1800","23":"pa_komercni-kod-s-gd-8-1900","24":"pa_komercni-kod-s-gd-8-2000","25":"pa_komercni-kod-s-gd-9-2000","26":"pa_komercni-kod-s-gd-9-2200","27":"pa_komercni-kod-s-gd-9-2400","28":"pa_komercni-kod-1-s-gd-5","29":"pa_komercni-kod-1-s-gd-55","30":"pa_komercni-kod-1-s-gd-6-7","31":"pa_komercni-kod-1-s-gd-8","32":"pa_komercni-kod-1-s-gd-9","33":"pa_objem-l-5497","34":"pa_objem-l-5408","35":"pa_objem-l-5410","36":"pa_objem-l-5401","37":"pa_objem-l-5414","38":"pa_objem-l-5412","39":"pa_objem-l-5416","40":"pa_objem-l-5433","41":"pa_objem-l-5435","42":"pa_objem-l-5437","43":"pa_objem-l-5469","44":"pa_objem-l-5471","45":"pa_objem-l-5493","46":"pa_objem-l-5495","47":"pa_podminky-prace-gd","48":"pa_sirka-mm-5788","49":"pa_sirka-mm-5793","50":"pa_sirka-mm-5795","51":"pa_sirka-mm-5797","52":"pa_sirka-mm-5801","53":"pa_sirka-mm-5803","54":"pa_sirka-mm-5807","55":"pa_sirka-mm-5809","56":"pa_trida-5880","57":"pa_trida-5-5","58":"pa_trida-5884","59":"pa_trida-5886","60":"pa_trida-5888","61":"pa_trida-5890","62":"pa_vyrobek-s","64":"first","65":"instock","66":"purchasable","67":"product-type-variable"},"acf":[],"_links":{"self":[{"href":"https:\/\/triga.semtix.eu\/de\/wp-json\/wp\/v2\/product\/7377","targetHints":{"allow":["GET"]}}],"collection":[{"href":"https:\/\/triga.semtix.eu\/de\/wp-json\/wp\/v2\/product"}],"about":[{"href":"https:\/\/triga.semtix.eu\/de\/wp-json\/wp\/v2\/types\/product"}],"replies":[{"embeddable":true,"href":"https:\/\/triga.semtix.eu\/de\/wp-json\/wp\/v2\/comments?post=7377"}],"wp:featuredmedia":[{"embeddable":true,"href":"https:\/\/triga.semtix.eu\/de\/wp-json\/wp\/v2\/media\/6371"}],"wp:attachment":[{"href":"https:\/\/triga.semtix.eu\/de\/wp-json\/wp\/v2\/media?parent=7377"}],"wp:term":[{"taxonomy":"product_brand","embeddable":true,"href":"https:\/\/triga.semtix.eu\/de\/wp-json\/wp\/v2\/product_brand?post=7377"},{"taxonomy":"product_cat","embeddable":true,"href":"https:\/\/triga.semtix.eu\/de\/wp-json\/wp\/v2\/product_cat?post=7377"},{"taxonomy":"product_tag","embeddable":true,"href":"https:\/\/triga.semtix.eu\/de\/wp-json\/wp\/v2\/product_tag?post=7377"}],"curies":[{"name":"wp","href":"https:\/\/api.w.org\/{rel}","templated":true}]}}