{"id":7463,"date":"2025-05-29T11:55:54","date_gmt":"2025-05-29T09:55:54","guid":{"rendered":"https:\/\/triga.semtix.eu\/produkt\/planierschaufel-gd-3\/"},"modified":"2025-10-17T10:22:46","modified_gmt":"2025-10-17T08:22:46","slug":"planierschaufel-gd-3","status":"publish","type":"product","link":"https:\/\/triga.semtix.eu\/de\/produkt\/planierschaufel-gd-3\/","title":{"rendered":"B\u00f6schungsschaufel GD"},"content":{"rendered":"","protected":false},"excerpt":{"rendered":"<p>Die B\u00f6schungsschaufel S f\u00fcr schwere Einsatzbedingungen ist f\u00fcr Graben-, Planier-, Einebnungs- und andere Endarbeiten vorgesehen.<\/p>\n","protected":false},"featured_media":6563,"comment_status":"closed","ping_status":"closed","template":"","meta":{"_acf_changed":false},"product_brand":[],"product_cat":[2562],"product_tag":[2588,2563,2564,2565],"class_list":{"0":"post-7463","1":"product","2":"type-product","3":"status-publish","4":"has-post-thumbnail","6":"product_cat-kleine-bagger","7":"product_tag-1-de","8":"product_tag-2-de","9":"product_tag-3-de","10":"product_tag-4-de","11":"pa_druhy-prace-3295","12":"pa_komercni-kod-s-gd-12-1000","13":"pa_komercni-kod-s-gd-12-1200","14":"pa_komercni-kod-s-gd-12-800","15":"pa_komercni-kod-s-gd-34-1200","16":"pa_komercni-kod-s-gd-34-1300","17":"pa_komercni-kod-s-gd-34-1400","18":"pa_komercni-kod-s-gd-34-1500","19":"pa_komercni-kod-1-s-gd-12","20":"pa_komercni-kod-1-s-gd-34","21":"pa_objem-l-5334","22":"pa_objem-l-5369","23":"pa_objem-l-5371","24":"pa_objem-l-5373","25":"pa_objem-l-5339","26":"pa_objem-l-5330","27":"pa_objem-l-5332","28":"pa_podminky-prace-gd","29":"pa_sirka-mm-5773","30":"pa_sirka-mm-5780","31":"pa_sirka-mm-5784","32":"pa_sirka-mm-5786","33":"pa_sirka-mm-5788","34":"pa_sirka-mm-5771","35":"pa_trida-5872","36":"pa_trida-5874","37":"pa_trida-5876","38":"pa_trida-5878","39":"pa_vyrobek-s","41":"first","42":"instock","43":"purchasable","44":"product-type-variable"},"acf":[],"_links":{"self":[{"href":"https:\/\/triga.semtix.eu\/de\/wp-json\/wp\/v2\/product\/7463","targetHints":{"allow":["GET"]}}],"collection":[{"href":"https:\/\/triga.semtix.eu\/de\/wp-json\/wp\/v2\/product"}],"about":[{"href":"https:\/\/triga.semtix.eu\/de\/wp-json\/wp\/v2\/types\/product"}],"replies":[{"embeddable":true,"href":"https:\/\/triga.semtix.eu\/de\/wp-json\/wp\/v2\/comments?post=7463"}],"wp:featuredmedia":[{"embeddable":true,"href":"https:\/\/triga.semtix.eu\/de\/wp-json\/wp\/v2\/media\/6563"}],"wp:attachment":[{"href":"https:\/\/triga.semtix.eu\/de\/wp-json\/wp\/v2\/media?parent=7463"}],"wp:term":[{"taxonomy":"product_brand","embeddable":true,"href":"https:\/\/triga.semtix.eu\/de\/wp-json\/wp\/v2\/product_brand?post=7463"},{"taxonomy":"product_cat","embeddable":true,"href":"https:\/\/triga.semtix.eu\/de\/wp-json\/wp\/v2\/product_cat?post=7463"},{"taxonomy":"product_tag","embeddable":true,"href":"https:\/\/triga.semtix.eu\/de\/wp-json\/wp\/v2\/product_tag?post=7463"}],"curies":[{"name":"wp","href":"https:\/\/api.w.org\/{rel}","templated":true}]}}