{"id":7674,"date":"2025-05-29T11:55:28","date_gmt":"2025-05-29T09:55:28","guid":{"rendered":"https:\/\/triga.semtix.eu\/produkt\/kettenschaufel-hd\/"},"modified":"2025-10-17T10:22:50","modified_gmt":"2025-10-17T08:22:50","slug":"kettenschaufel-hd","status":"publish","type":"product","link":"https:\/\/triga.semtix.eu\/de\/produkt\/kettenschaufel-hd\/","title":{"rendered":"Kettenl\u00f6ffel HD"},"content":{"rendered":"","protected":false},"excerpt":{"rendered":"<p>Der Kettenl\u00f6ffel R eignet sich besonders zum Bewegen von feuchtem Ton oder Sand. F\u00fcr die Befestigung vom Typ Lehnhoff, Oilquick, Liebherr wird ein anderer K\u00f6rpertyp verwendet.<\/p>\n","protected":false},"featured_media":6428,"comment_status":"closed","ping_status":"closed","template":"","meta":{"_acf_changed":false},"product_brand":[],"product_cat":[2560],"product_tag":[2561,2605,2606,2577],"class_list":{"0":"post-7674","1":"product","2":"type-product","3":"status-publish","4":"has-post-thumbnail","6":"product_cat-grose-bagger","7":"product_tag-10-de","8":"product_tag-11-de","9":"product_tag-12-de","10":"product_tag-5-de","11":"pa_druhy-prace-3297","12":"pa_druhy-prace-3295","13":"pa_komercni-kod-r-hd-10-1000","14":"pa_komercni-kod-r-hd-10-1200","15":"pa_komercni-kod-r-hd-10-1400","16":"pa_komercni-kod-r-hd-10-1500","17":"pa_komercni-kod-r-hd-10-600","18":"pa_komercni-kod-r-hd-10-800","19":"pa_komercni-kod-r-hd-105-1000","20":"pa_komercni-kod-r-hd-105-1200","21":"pa_komercni-kod-r-hd-105-1400","22":"pa_komercni-kod-r-hd-105-1500","23":"pa_komercni-kod-r-hd-105-600","24":"pa_komercni-kod-r-hd-105-800","25":"pa_komercni-kod-r-hd-11-1000","26":"pa_komercni-kod-r-hd-11-1200","27":"pa_komercni-kod-r-hd-11-1500","28":"pa_komercni-kod-r-hd-11-1600","29":"pa_komercni-kod-r-hd-11-850","30":"pa_komercni-kod-r-hd-12-1300","31":"pa_komercni-kod-r-hd-12-1550","32":"pa_komercni-kod-r-hd-12-1650","33":"pa_komercni-kod-r-hd-12-1750","34":"pa_komercni-kod-r-hd-12-1850","35":"pa_komercni-kod-1-r-hd-10","36":"pa_komercni-kod-1-r-hd-105","37":"pa_komercni-kod-1-r-hd-11","38":"pa_komercni-kod-1-r-hd-12","39":"pa_objem-m3-0-46","40":"pa_objem-m3-0-5","41":"pa_objem-m3-0-68","42":"pa_objem-m3-0-75","43":"pa_objem-m3-0-86","44":"pa_objem-m3-0-91","45":"pa_objem-m3-5530","46":"pa_objem-m3-1-06","47":"pa_objem-m3-1-19","48":"pa_objem-m3-1-27","49":"pa_objem-m3-1-32","50":"pa_objem-m3-1-43","51":"pa_objem-m3-1-53","52":"pa_objem-m3-1-54","53":"pa_objem-m3-1-67","54":"pa_objem-m3-1-8","55":"pa_objem-m3-5546","56":"pa_objem-m3-2-23","57":"pa_objem-m3-2-41","58":"pa_objem-m3-2-6","59":"pa_objem-m3-2-77","60":"pa_podminky-prace-hd","61":"pa_sirka-mm-5773","62":"pa_sirka-mm-5780","63":"pa_sirka-mm-5784","64":"pa_sirka-mm-5786","65":"pa_sirka-mm-5788","66":"pa_sirka-mm-5813","67":"pa_sirka-mm-5793","68":"pa_sirka-mm-5815","69":"pa_sirka-mm-5817","70":"pa_sirka-mm-5819","71":"pa_sirka-mm-5777","72":"pa_sirka-mm-5771","73":"pa_sirka-mm-5811","74":"pa_trida-5892","75":"pa_trida-10-5","76":"pa_trida-5896","77":"pa_trida-5898","78":"pa_vyrobek-r","80":"first","81":"instock","82":"purchasable","83":"product-type-variable"},"acf":[],"_links":{"self":[{"href":"https:\/\/triga.semtix.eu\/de\/wp-json\/wp\/v2\/product\/7674","targetHints":{"allow":["GET"]}}],"collection":[{"href":"https:\/\/triga.semtix.eu\/de\/wp-json\/wp\/v2\/product"}],"about":[{"href":"https:\/\/triga.semtix.eu\/de\/wp-json\/wp\/v2\/types\/product"}],"replies":[{"embeddable":true,"href":"https:\/\/triga.semtix.eu\/de\/wp-json\/wp\/v2\/comments?post=7674"}],"wp:featuredmedia":[{"embeddable":true,"href":"https:\/\/triga.semtix.eu\/de\/wp-json\/wp\/v2\/media\/6428"}],"wp:attachment":[{"href":"https:\/\/triga.semtix.eu\/de\/wp-json\/wp\/v2\/media?parent=7674"}],"wp:term":[{"taxonomy":"product_brand","embeddable":true,"href":"https:\/\/triga.semtix.eu\/de\/wp-json\/wp\/v2\/product_brand?post=7674"},{"taxonomy":"product_cat","embeddable":true,"href":"https:\/\/triga.semtix.eu\/de\/wp-json\/wp\/v2\/product_cat?post=7674"},{"taxonomy":"product_tag","embeddable":true,"href":"https:\/\/triga.semtix.eu\/de\/wp-json\/wp\/v2\/product_tag?post=7674"}],"curies":[{"name":"wp","href":"https:\/\/api.w.org\/{rel}","templated":true}]}}