{"id":8052,"date":"2025-05-29T11:54:54","date_gmt":"2025-05-29T09:54:54","guid":{"rendered":"https:\/\/triga.semtix.eu\/produkt\/vertikutierhaken-sd-2\/"},"modified":"2025-10-17T10:22:27","modified_gmt":"2025-10-17T08:22:27","slug":"vertikutierhaken-sd-2","status":"publish","type":"product","link":"https:\/\/triga.semtix.eu\/de\/produkt\/vertikutierhaken-sd-2\/","title":{"rendered":"Aufrei\u00dfhaken SD"},"content":{"rendered":"","protected":false},"excerpt":{"rendered":"<p>Aufrei\u00dfhaken Y f\u00fcr anspruchsvolle Bedingungen, geeignet f\u00fcr Abbrucharbeiten, zum Abbrechen von Felsen und harten Materialien.<\/p>\n","protected":false},"featured_media":6413,"comment_status":"closed","ping_status":"closed","template":"","meta":{"_acf_changed":false},"product_brand":[],"product_cat":[2560],"product_tag":[2561,2605,2606,2611],"class_list":{"0":"post-8052","1":"product","2":"type-product","3":"status-publish","4":"has-post-thumbnail","6":"product_cat-grose-bagger","7":"product_tag-10-de","8":"product_tag-11-de","9":"product_tag-12-de","10":"product_tag-13-de","11":"pa_druhy-prace-3297","12":"pa_druhy-prace-3295","13":"pa_komercni-kod-y-sd-10","14":"pa_komercni-kod-y-sd-11","15":"pa_komercni-kod-y-sd-12","16":"pa_komercni-kod-y-sd-13","17":"pa_komercni-kod-y-sd-14","18":"pa_komercni-kod-1-y-sd-10","19":"pa_komercni-kod-1-y-sd-11","20":"pa_komercni-kod-1-y-sd-12","21":"pa_komercni-kod-1-y-sd-13","22":"pa_komercni-kod-1-y-sd-14","23":"pa_podminky-prace-sd","24":"pa_trida-5892","25":"pa_trida-5896","26":"pa_trida-5898","27":"pa_trida-5900","28":"pa_trida-5902","29":"pa_vyrobek-y","31":"first","32":"instock","33":"purchasable","34":"product-type-variable"},"acf":[],"_links":{"self":[{"href":"https:\/\/triga.semtix.eu\/de\/wp-json\/wp\/v2\/product\/8052","targetHints":{"allow":["GET"]}}],"collection":[{"href":"https:\/\/triga.semtix.eu\/de\/wp-json\/wp\/v2\/product"}],"about":[{"href":"https:\/\/triga.semtix.eu\/de\/wp-json\/wp\/v2\/types\/product"}],"replies":[{"embeddable":true,"href":"https:\/\/triga.semtix.eu\/de\/wp-json\/wp\/v2\/comments?post=8052"}],"wp:featuredmedia":[{"embeddable":true,"href":"https:\/\/triga.semtix.eu\/de\/wp-json\/wp\/v2\/media\/6413"}],"wp:attachment":[{"href":"https:\/\/triga.semtix.eu\/de\/wp-json\/wp\/v2\/media?parent=8052"}],"wp:term":[{"taxonomy":"product_brand","embeddable":true,"href":"https:\/\/triga.semtix.eu\/de\/wp-json\/wp\/v2\/product_brand?post=8052"},{"taxonomy":"product_cat","embeddable":true,"href":"https:\/\/triga.semtix.eu\/de\/wp-json\/wp\/v2\/product_cat?post=8052"},{"taxonomy":"product_tag","embeddable":true,"href":"https:\/\/triga.semtix.eu\/de\/wp-json\/wp\/v2\/product_tag?post=8052"}],"curies":[{"name":"wp","href":"https:\/\/api.w.org\/{rel}","templated":true}]}}