{"id":8183,"date":"2025-05-29T11:54:49","date_gmt":"2025-05-29T09:54:49","guid":{"rendered":"https:\/\/triga.semtix.eu\/produkt\/vertikutierhaken-sd-3\/"},"modified":"2025-10-17T10:22:30","modified_gmt":"2025-10-17T08:22:30","slug":"aufreisszaehne-sd","status":"publish","type":"product","link":"https:\/\/triga.semtix.eu\/de\/produkt\/aufreisszaehne-sd\/","title":{"rendered":"Aufrei\u00dfhaken SD"},"content":{"rendered":"","protected":false},"excerpt":{"rendered":"<p>Aufrei\u00dfhaken Y f\u00fcr anspruchsvolle Bedingungen, geeignet f\u00fcr Abbrucharbeiten, zum Abbrechen von Felsen und harten Materialien.<\/p>\n","protected":false},"featured_media":6341,"comment_status":"closed","ping_status":"closed","template":"","meta":{"_acf_changed":false},"product_brand":[],"product_cat":[2562],"product_tag":[2588,2563,2564,2565],"class_list":{"0":"post-8183","1":"product","2":"type-product","3":"status-publish","4":"has-post-thumbnail","6":"product_cat-kleine-bagger","7":"product_tag-1-de","8":"product_tag-2-de","9":"product_tag-3-de","10":"product_tag-4-de","11":"pa_druhy-prace-3297","12":"pa_druhy-prace-3295","13":"pa_podminky-prace-sd","14":"pa_trida-5872","15":"pa_trida-5874","16":"pa_trida-5876","17":"pa_trida-5878","18":"pa_vyrobek-y","20":"first","21":"instock","22":"purchasable","23":"product-type-variable"},"acf":[],"_links":{"self":[{"href":"https:\/\/triga.semtix.eu\/de\/wp-json\/wp\/v2\/product\/8183","targetHints":{"allow":["GET"]}}],"collection":[{"href":"https:\/\/triga.semtix.eu\/de\/wp-json\/wp\/v2\/product"}],"about":[{"href":"https:\/\/triga.semtix.eu\/de\/wp-json\/wp\/v2\/types\/product"}],"replies":[{"embeddable":true,"href":"https:\/\/triga.semtix.eu\/de\/wp-json\/wp\/v2\/comments?post=8183"}],"wp:featuredmedia":[{"embeddable":true,"href":"https:\/\/triga.semtix.eu\/de\/wp-json\/wp\/v2\/media\/6341"}],"wp:attachment":[{"href":"https:\/\/triga.semtix.eu\/de\/wp-json\/wp\/v2\/media?parent=8183"}],"wp:term":[{"taxonomy":"product_brand","embeddable":true,"href":"https:\/\/triga.semtix.eu\/de\/wp-json\/wp\/v2\/product_brand?post=8183"},{"taxonomy":"product_cat","embeddable":true,"href":"https:\/\/triga.semtix.eu\/de\/wp-json\/wp\/v2\/product_cat?post=8183"},{"taxonomy":"product_tag","embeddable":true,"href":"https:\/\/triga.semtix.eu\/de\/wp-json\/wp\/v2\/product_tag?post=8183"}],"curies":[{"name":"wp","href":"https:\/\/api.w.org\/{rel}","templated":true}]}}