{"id":8846,"date":"2025-09-17T12:25:22","date_gmt":"2025-09-17T10:25:22","guid":{"rendered":"https:\/\/triga.semtix.eu\/?post_type=product&#038;p=8846"},"modified":"2025-10-30T11:50:56","modified_gmt":"2025-10-30T10:50:56","slug":"skelettschaufel-hd","status":"publish","type":"product","link":"https:\/\/triga.semtix.eu\/de\/produkt\/skelettschaufel-hd\/","title":{"rendered":"Skelettschaufel HD"},"content":{"rendered":"","protected":false},"excerpt":{"rendered":"<p>Die Skelettschaufel LG f\u00fcr schwere Bedingungen findet Anwendung beim Laden und Sortieren von Materialgr\u00f6\u00dfen.<\/p>\n","protected":false},"featured_media":6332,"comment_status":"closed","ping_status":"closed","template":"","meta":{"_acf_changed":false},"product_brand":[],"product_cat":[2615],"product_tag":[2577,2991,2578],"class_list":{"0":"post-8846","1":"product","2":"type-product","3":"status-publish","4":"has-post-thumbnail","6":"product_cat-grosse-lader","7":"product_tag-5-de","8":"product_tag-5-5-de","9":"product_tag-6-de","10":"pa_druhy-prace-3295","11":"pa_komercni-kod-lg-hd-5-2295","12":"pa_komercni-kod-lg-hd-5-2370","13":"pa_komercni-kod-lg-hd-5-2445","14":"pa_komercni-kod-lg-hd-5-2520","15":"pa_komercni-kod-lg-hd-5-2595","16":"pa_komercni-kod-lg-hd-5-2670","17":"pa_komercni-kod-lg-hd-5-2745","18":"pa_komercni-kod-lg-hd-5-2820","19":"pa_komercni-kod-lg-hd-5-2895","20":"pa_podminky-prace-hd","21":"pa_trida-5880","22":"pa_trida-6173","23":"pa_trida-5884","25":"first","26":"instock","27":"purchasable","28":"product-type-variable"},"acf":[],"_links":{"self":[{"href":"https:\/\/triga.semtix.eu\/de\/wp-json\/wp\/v2\/product\/8846","targetHints":{"allow":["GET"]}}],"collection":[{"href":"https:\/\/triga.semtix.eu\/de\/wp-json\/wp\/v2\/product"}],"about":[{"href":"https:\/\/triga.semtix.eu\/de\/wp-json\/wp\/v2\/types\/product"}],"replies":[{"embeddable":true,"href":"https:\/\/triga.semtix.eu\/de\/wp-json\/wp\/v2\/comments?post=8846"}],"wp:featuredmedia":[{"embeddable":true,"href":"https:\/\/triga.semtix.eu\/de\/wp-json\/wp\/v2\/media\/6332"}],"wp:attachment":[{"href":"https:\/\/triga.semtix.eu\/de\/wp-json\/wp\/v2\/media?parent=8846"}],"wp:term":[{"taxonomy":"product_brand","embeddable":true,"href":"https:\/\/triga.semtix.eu\/de\/wp-json\/wp\/v2\/product_brand?post=8846"},{"taxonomy":"product_cat","embeddable":true,"href":"https:\/\/triga.semtix.eu\/de\/wp-json\/wp\/v2\/product_cat?post=8846"},{"taxonomy":"product_tag","embeddable":true,"href":"https:\/\/triga.semtix.eu\/de\/wp-json\/wp\/v2\/product_tag?post=8846"}],"curies":[{"name":"wp","href":"https:\/\/api.w.org\/{rel}","templated":true}]}}