{"id":8882,"date":"2025-05-29T11:53:40","date_gmt":"2025-05-29T09:53:40","guid":{"rendered":"https:\/\/triga.semtix.eu\/?post_type=product&#038;p=8882"},"modified":"2025-10-17T10:22:05","modified_gmt":"2025-10-17T08:22:05","slug":"tiefloeffel-hd-reihe","status":"publish","type":"product","link":"https:\/\/triga.semtix.eu\/de\/produkt\/tiefloeffel-hd-reihe\/","title":{"rendered":"Tiefl\u00f6ffel HD"},"content":{"rendered":"","protected":false},"excerpt":{"rendered":"<p>\u200cDer Tiefl\u00f6ffel P f\u00fcr schwere Einsatzbedingungen ist f\u00fcr eine Vielzahl von Anwendungen mit leichter Sto\u00df- und Abriebbelastung ausgelegt. Ausheben und Verladen von kompakten und halb abrasiven Materialien wie gemischten B\u00f6den, Sand und Kies usw.<\/p>\n","protected":false},"featured_media":6338,"comment_status":"closed","ping_status":"closed","template":"","meta":{"_acf_changed":false},"product_brand":[],"product_cat":[2576],"product_tag":[2577,2578,2579,2581,2580],"class_list":{"0":"post-8882","1":"product","2":"type-product","3":"status-publish","4":"has-post-thumbnail","6":"product_cat-mittlere-bagger","7":"product_tag-5-de","8":"product_tag-6-de","9":"product_tag-7-de","10":"product_tag-8-de","11":"product_tag-9-de","12":"pa_druhy-prace-3297","13":"pa_druhy-prace-3295","14":"pa_objem-l-5481","15":"pa_objem-l-5483","16":"pa_objem-l-5347","17":"pa_objem-l-5485","18":"pa_objem-l-5391","19":"pa_objem-l-5487","20":"pa_objem-l-5418","21":"pa_objem-l-5393","22":"pa_objem-l-5395","23":"pa_objem-l-5319","24":"pa_objem-l-5420","25":"pa_objem-l-5397","26":"pa_objem-l-5399","27":"pa_objem-l-5422","28":"pa_objem-l-5439","29":"pa_objem-l-5401","30":"pa_objem-l-5424","31":"pa_objem-l-5451","32":"pa_objem-l-5403","33":"pa_objem-l-5441","34":"pa_objem-l-5473","35":"pa_objem-l-5426","36":"pa_objem-l-5453","37":"pa_objem-l-5428","38":"pa_objem-l-5475","39":"pa_objem-l-5435","40":"pa_objem-l-5455","41":"pa_objem-l-5443","42":"pa_objem-l-5437","43":"pa_objem-l-5477","44":"pa_objem-l-5445","45":"pa_objem-l-5457","46":"pa_objem-l-5479","47":"pa_objem-l-5459","48":"pa_objem-l-5461","49":"pa_objem-l-5463","50":"pa_podminky-prace-hd","51":"pa_sirka-mm-5773","52":"pa_sirka-mm-5805","53":"pa_sirka-mm-5780","54":"pa_sirka-mm-5784","55":"pa_sirka-mm-5786","56":"pa_sirka-mm-5788","57":"pa_sirka-mm-5767","58":"pa_sirka-mm-5769","59":"pa_sirka-mm-5775","60":"pa_sirka-mm-5777","61":"pa_sirka-mm-5782","62":"pa_sirka-mm-5771","63":"pa_sirka-mm-5791","64":"pa_trida-5880","65":"pa_trida-5884","66":"pa_trida-5886","67":"pa_trida-5888","68":"pa_trida-5890","69":"pa_vyrobek-p","71":"first","72":"instock","73":"purchasable","74":"product-type-variable"},"acf":[],"_links":{"self":[{"href":"https:\/\/triga.semtix.eu\/de\/wp-json\/wp\/v2\/product\/8882","targetHints":{"allow":["GET"]}}],"collection":[{"href":"https:\/\/triga.semtix.eu\/de\/wp-json\/wp\/v2\/product"}],"about":[{"href":"https:\/\/triga.semtix.eu\/de\/wp-json\/wp\/v2\/types\/product"}],"replies":[{"embeddable":true,"href":"https:\/\/triga.semtix.eu\/de\/wp-json\/wp\/v2\/comments?post=8882"}],"wp:featuredmedia":[{"embeddable":true,"href":"https:\/\/triga.semtix.eu\/de\/wp-json\/wp\/v2\/media\/6338"}],"wp:attachment":[{"href":"https:\/\/triga.semtix.eu\/de\/wp-json\/wp\/v2\/media?parent=8882"}],"wp:term":[{"taxonomy":"product_brand","embeddable":true,"href":"https:\/\/triga.semtix.eu\/de\/wp-json\/wp\/v2\/product_brand?post=8882"},{"taxonomy":"product_cat","embeddable":true,"href":"https:\/\/triga.semtix.eu\/de\/wp-json\/wp\/v2\/product_cat?post=8882"},{"taxonomy":"product_tag","embeddable":true,"href":"https:\/\/triga.semtix.eu\/de\/wp-json\/wp\/v2\/product_tag?post=8882"}],"curies":[{"name":"wp","href":"https:\/\/api.w.org\/{rel}","templated":true}]}}