{"id":9341,"date":"2025-09-17T14:02:26","date_gmt":"2025-09-17T12:02:26","guid":{"rendered":"https:\/\/triga.semtix.eu\/?post_type=product&#038;p=9341"},"modified":"2025-10-17T10:23:02","modified_gmt":"2025-10-17T08:23:02","slug":"rychloupinac-qc-pw-de","status":"publish","type":"product","link":"https:\/\/triga.semtix.eu\/de\/produkt\/rychloupinac-qc-pw-de\/","title":{"rendered":"Schnellwechsler QC PW"},"content":{"rendered":"<p>Rychloup\u00edna\u010de QC PW slou\u017e\u00ed k up\u00edn\u00e1n\u00ed v\u0161ech druh\u016f p\u0159\u00eddavn\u00fdch za\u0159\u00edzen\u00ed. Pom\u00e1haj\u00ed zvy\u0161ovat v\u00fdkonnost a bezpe\u010dnost stroj\u016f.<\/p>\n","protected":false},"excerpt":{"rendered":"<p>Die Schnellwechsler QC PW dienen zum Befestigen aller Arten von Anbauger\u00e4ten. Sie tragen zur Steigerung der Leistungsf\u00e4higkeit und Sicherheit von Maschinen bei.<\/p>\n","protected":false},"featured_media":6389,"comment_status":"closed","ping_status":"closed","template":"","meta":{"_acf_changed":false},"product_brand":[],"product_cat":[2615],"product_tag":[2577,2991,2578,2992,2579,2993,2581,2994,2580],"class_list":{"0":"post-9341","1":"product","2":"type-product","3":"status-publish","4":"has-post-thumbnail","6":"product_cat-grosse-lader","7":"product_tag-5-de","8":"product_tag-5-5-de","9":"product_tag-6-de","10":"product_tag-6-5-de","11":"product_tag-7-de","12":"product_tag-7-5-de","13":"product_tag-8-de","14":"product_tag-8-5-de","15":"product_tag-9-de","16":"pa_druhy-prace-3295","17":"pa_druhy-prace-3298","18":"pa_provedeni-rychloupinace-mechanisch","19":"pa_trida-5880","20":"pa_trida-5884","21":"pa_trida-5886","22":"pa_trida-5888","23":"pa_trida-5890","25":"first","26":"instock","27":"purchasable","28":"product-type-variable"},"acf":[],"_links":{"self":[{"href":"https:\/\/triga.semtix.eu\/de\/wp-json\/wp\/v2\/product\/9341","targetHints":{"allow":["GET"]}}],"collection":[{"href":"https:\/\/triga.semtix.eu\/de\/wp-json\/wp\/v2\/product"}],"about":[{"href":"https:\/\/triga.semtix.eu\/de\/wp-json\/wp\/v2\/types\/product"}],"replies":[{"embeddable":true,"href":"https:\/\/triga.semtix.eu\/de\/wp-json\/wp\/v2\/comments?post=9341"}],"wp:featuredmedia":[{"embeddable":true,"href":"https:\/\/triga.semtix.eu\/de\/wp-json\/wp\/v2\/media\/6389"}],"wp:attachment":[{"href":"https:\/\/triga.semtix.eu\/de\/wp-json\/wp\/v2\/media?parent=9341"}],"wp:term":[{"taxonomy":"product_brand","embeddable":true,"href":"https:\/\/triga.semtix.eu\/de\/wp-json\/wp\/v2\/product_brand?post=9341"},{"taxonomy":"product_cat","embeddable":true,"href":"https:\/\/triga.semtix.eu\/de\/wp-json\/wp\/v2\/product_cat?post=9341"},{"taxonomy":"product_tag","embeddable":true,"href":"https:\/\/triga.semtix.eu\/de\/wp-json\/wp\/v2\/product_tag?post=9341"}],"curies":[{"name":"wp","href":"https:\/\/api.w.org\/{rel}","templated":true}]}}