{"id":9386,"date":"2025-05-29T11:51:53","date_gmt":"2025-05-29T09:51:53","guid":{"rendered":"https:\/\/triga.semtix.eu\/produkt\/tiefloeffel-hd\/"},"modified":"2025-10-17T10:21:45","modified_gmt":"2025-10-17T08:21:45","slug":"draenageloeffel-hd","status":"publish","type":"product","link":"https:\/\/triga.semtix.eu\/de\/produkt\/draenageloeffel-hd\/","title":{"rendered":"Drainageschaufel HD"},"content":{"rendered":"","protected":false},"excerpt":{"rendered":"<div id=\"model-response-message-contentr_f1bae218557235d5\" class=\"markdown markdown-main-panel stronger enable-updated-hr-color\" dir=\"ltr\">\n<p>Die Drainageschaufel D f\u00fcr schwere Bedingungen findet beim Ausheben schmaler Entw\u00e4sserungsgr\u00e4ben sowie beim Verlegen von Kabeln, Rohren usw. Verwendung.<\/p>\n<\/div>\n","protected":false},"featured_media":6353,"comment_status":"closed","ping_status":"closed","template":"","meta":{"_acf_changed":false},"product_brand":[],"product_cat":[2576],"product_tag":[2577,2578,2579,2580],"class_list":{"0":"post-9386","1":"product","2":"type-product","3":"status-publish","4":"has-post-thumbnail","6":"product_cat-mittlere-bagger","7":"product_tag-5-de","8":"product_tag-6-de","9":"product_tag-7-de","10":"product_tag-9-de","11":"pa_druhy-prace-3295","12":"pa_objem-l-5481","13":"pa_objem-l-5483","14":"pa_objem-l-5347","15":"pa_objem-l-5485","16":"pa_objem-l-5391","17":"pa_objem-l-5487","18":"pa_objem-l-5418","19":"pa_objem-l-5393","20":"pa_objem-l-5395","21":"pa_objem-l-5319","22":"pa_objem-l-5420","23":"pa_objem-l-5397","24":"pa_objem-l-5399","25":"pa_objem-l-5422","26":"pa_objem-l-5439","27":"pa_objem-l-5401","28":"pa_objem-l-5424","29":"pa_objem-l-5403","30":"pa_objem-l-5441","31":"pa_objem-l-5473","32":"pa_objem-l-5426","33":"pa_objem-l-5428","34":"pa_objem-l-5475","35":"pa_objem-l-5435","36":"pa_objem-l-5443","37":"pa_objem-l-5437","38":"pa_objem-l-5477","39":"pa_objem-l-5445","40":"pa_objem-l-5479","41":"pa_objem-l-5459","42":"pa_podminky-prace-hd","43":"pa_sirka-mm-5773","44":"pa_sirka-mm-5805","45":"pa_sirka-mm-5780","46":"pa_sirka-mm-5784","47":"pa_sirka-mm-5786","48":"pa_sirka-mm-5788","49":"pa_sirka-mm-5767","50":"pa_sirka-mm-5769","51":"pa_sirka-mm-5775","52":"pa_sirka-mm-5777","53":"pa_sirka-mm-5782","54":"pa_sirka-mm-5771","55":"pa_sirka-mm-5791","56":"pa_trida-5880","57":"pa_trida-5884","58":"pa_trida-5886","59":"pa_trida-5890","60":"pa_vyrobek-d","61":"pa_vyrobek-p","63":"first","64":"instock","65":"purchasable","66":"product-type-variable"},"acf":[],"_links":{"self":[{"href":"https:\/\/triga.semtix.eu\/de\/wp-json\/wp\/v2\/product\/9386","targetHints":{"allow":["GET"]}}],"collection":[{"href":"https:\/\/triga.semtix.eu\/de\/wp-json\/wp\/v2\/product"}],"about":[{"href":"https:\/\/triga.semtix.eu\/de\/wp-json\/wp\/v2\/types\/product"}],"replies":[{"embeddable":true,"href":"https:\/\/triga.semtix.eu\/de\/wp-json\/wp\/v2\/comments?post=9386"}],"wp:featuredmedia":[{"embeddable":true,"href":"https:\/\/triga.semtix.eu\/de\/wp-json\/wp\/v2\/media\/6353"}],"wp:attachment":[{"href":"https:\/\/triga.semtix.eu\/de\/wp-json\/wp\/v2\/media?parent=9386"}],"wp:term":[{"taxonomy":"product_brand","embeddable":true,"href":"https:\/\/triga.semtix.eu\/de\/wp-json\/wp\/v2\/product_brand?post=9386"},{"taxonomy":"product_cat","embeddable":true,"href":"https:\/\/triga.semtix.eu\/de\/wp-json\/wp\/v2\/product_cat?post=9386"},{"taxonomy":"product_tag","embeddable":true,"href":"https:\/\/triga.semtix.eu\/de\/wp-json\/wp\/v2\/product_tag?post=9386"}],"curies":[{"name":"wp","href":"https:\/\/api.w.org\/{rel}","templated":true}]}}