{"id":9419,"date":"2025-05-29T11:51:58","date_gmt":"2025-05-29T09:51:58","guid":{"rendered":"https:\/\/triga.semtix.eu\/produkt\/tiefloeffel-hd-2\/"},"modified":"2025-10-17T10:21:44","modified_gmt":"2025-10-17T08:21:44","slug":"tiefloeffel-hd-2","status":"publish","type":"product","link":"https:\/\/triga.semtix.eu\/de\/produkt\/tiefloeffel-hd-2\/","title":{"rendered":"Drainageschaufel HD"},"content":{"rendered":"","protected":false},"excerpt":{"rendered":"<div id=\"model-response-message-contentr_2c6bf94b848e0b76\" class=\"markdown markdown-main-panel stronger enable-updated-hr-color\" dir=\"ltr\">\n<p>Die Drainageschaufel D f\u00fcr schwere Bedingungen findet beim Ausheben schmaler Entw\u00e4sserungsgr\u00e4ben sowie beim Verlegen von Kabeln, Rohren usw. Verwendung.<\/p>\n<\/div>\n","protected":false},"featured_media":6464,"comment_status":"closed","ping_status":"closed","template":"","meta":{"_acf_changed":false},"product_brand":[],"product_cat":[2560],"product_tag":[2561,2605,2606],"class_list":{"0":"post-9419","1":"product","2":"type-product","3":"status-publish","4":"has-post-thumbnail","6":"product_cat-grose-bagger","7":"product_tag-10-de","8":"product_tag-11-de","9":"product_tag-12-de","10":"pa_komercni-kod-d-hd-10-1000","11":"pa_komercni-kod-d-hd-10-1200","12":"pa_komercni-kod-d-hd-10-1400","13":"pa_komercni-kod-d-hd-10-1500","14":"pa_komercni-kod-d-hd-10-600","15":"pa_komercni-kod-d-hd-10-800","16":"pa_komercni-kod-d-hd-11-1000","17":"pa_komercni-kod-d-hd-11-1200","18":"pa_komercni-kod-d-hd-11-1500","19":"pa_komercni-kod-d-hd-11-1600","20":"pa_komercni-kod-d-hd-11-850","21":"pa_komercni-kod-d-hd-12-1300","22":"pa_komercni-kod-d-hd-12-1550","23":"pa_komercni-kod-d-hd-12-1650","24":"pa_komercni-kod-d-hd-12-1750","25":"pa_komercni-kod-d-hd-12-1850","26":"pa_komercni-kod-1-d-hd-10","27":"pa_komercni-kod-1-d-hd-11","28":"pa_komercni-kod-1-d-hd-12","29":"pa_objem-m3-0-47","30":"pa_objem-m3-0-69","31":"pa_objem-m3-0-91","32":"pa_objem-m3-0-93","33":"pa_objem-m3-1-14","34":"pa_objem-m3-1-15","35":"pa_objem-m3-1-37","36":"pa_objem-m3-1-44","37":"pa_objem-m3-1-49","38":"pa_objem-m3-1-88","39":"pa_objem-m3-1-9","40":"pa_objem-m3-2-05","41":"pa_objem-m3-2-33","42":"pa_objem-m3-2-51","43":"pa_objem-m3-2-69","44":"pa_objem-m3-2-88","45":"pa_podminky-prace-hd","46":"pa_sirka-mm-5773","47":"pa_sirka-mm-5780","48":"pa_sirka-mm-5784","49":"pa_sirka-mm-5786","50":"pa_sirka-mm-5788","51":"pa_sirka-mm-5813","52":"pa_sirka-mm-5793","53":"pa_sirka-mm-5815","54":"pa_sirka-mm-5817","55":"pa_sirka-mm-5819","56":"pa_sirka-mm-5777","57":"pa_sirka-mm-5771","58":"pa_sirka-mm-5811","59":"pa_trida-5892","60":"pa_trida-5896","61":"pa_trida-5898","62":"pa_vyrobek-d","64":"first","65":"instock","66":"purchasable","67":"product-type-variable"},"acf":[],"_links":{"self":[{"href":"https:\/\/triga.semtix.eu\/de\/wp-json\/wp\/v2\/product\/9419","targetHints":{"allow":["GET"]}}],"collection":[{"href":"https:\/\/triga.semtix.eu\/de\/wp-json\/wp\/v2\/product"}],"about":[{"href":"https:\/\/triga.semtix.eu\/de\/wp-json\/wp\/v2\/types\/product"}],"replies":[{"embeddable":true,"href":"https:\/\/triga.semtix.eu\/de\/wp-json\/wp\/v2\/comments?post=9419"}],"wp:featuredmedia":[{"embeddable":true,"href":"https:\/\/triga.semtix.eu\/de\/wp-json\/wp\/v2\/media\/6464"}],"wp:attachment":[{"href":"https:\/\/triga.semtix.eu\/de\/wp-json\/wp\/v2\/media?parent=9419"}],"wp:term":[{"taxonomy":"product_brand","embeddable":true,"href":"https:\/\/triga.semtix.eu\/de\/wp-json\/wp\/v2\/product_brand?post=9419"},{"taxonomy":"product_cat","embeddable":true,"href":"https:\/\/triga.semtix.eu\/de\/wp-json\/wp\/v2\/product_cat?post=9419"},{"taxonomy":"product_tag","embeddable":true,"href":"https:\/\/triga.semtix.eu\/de\/wp-json\/wp\/v2\/product_tag?post=9419"}],"curies":[{"name":"wp","href":"https:\/\/api.w.org\/{rel}","templated":true}]}}