{"id":9439,"date":"2025-05-29T11:51:48","date_gmt":"2025-05-29T09:51:48","guid":{"rendered":"https:\/\/triga.semtix.eu\/produkt\/draenageloeffel-hd-2\/"},"modified":"2025-10-17T10:21:46","modified_gmt":"2025-10-17T08:21:46","slug":"draenageloeffel-hd-2","status":"publish","type":"product","link":"https:\/\/triga.semtix.eu\/de\/produkt\/draenageloeffel-hd-2\/","title":{"rendered":"Drainageschaufel HD"},"content":{"rendered":"<p>Die Drainageschaufel D f\u00fcr schwere Bedingungen, findet beim Ausheben schmaler Entw\u00e4sserungsgr\u00e4ben, sowie beim Verlegen von Kabeln, Rohren usw. Verwendung.<\/p>\n","protected":false},"excerpt":{"rendered":"<p>Die Drainageschaufel D f\u00fcr schwere Bedingungen, findet beim Ausheben schmaler Entw\u00e4sserungsgr\u00e4ben, sowie beim Verlegen von Kabeln, Rohren usw. Verwendung.<\/p>\n","protected":false},"featured_media":6374,"comment_status":"closed","ping_status":"closed","template":"","meta":{"_acf_changed":false},"product_brand":[],"product_cat":[2562],"product_tag":[2588,2563,2564,2565],"class_list":{"0":"post-9439","1":"product","2":"type-product","3":"status-publish","4":"has-post-thumbnail","6":"product_cat-kleine-bagger","7":"product_tag-1-de","8":"product_tag-2-de","9":"product_tag-3-de","10":"product_tag-4-de","11":"pa_komercni-kod-d-hd-1-250","12":"pa_komercni-kod-d-hd-1-300","13":"pa_komercni-kod-d-hd-1-400","14":"pa_komercni-kod-d-hd-1-500","15":"pa_objem-l-5356","16":"pa_objem-l-5347","17":"pa_objem-l-5358","18":"pa_objem-l-5366","19":"pa_objem-l-5360","20":"pa_objem-l-5380","21":"pa_objem-l-5362","22":"pa_objem-l-5382","23":"pa_objem-l-5319","24":"pa_objem-l-5384","25":"pa_objem-l-5386","26":"pa_objem-l-5315","27":"pa_objem-l-5337","28":"pa_objem-l-5321","29":"pa_objem-l-5339","30":"pa_objem-l-5323","31":"pa_objem-l-5352","32":"pa_objem-l-5341","33":"pa_objem-l-5325","34":"pa_objem-l-5376","35":"pa_objem-l-5354","36":"pa_objem-l-5343","37":"pa_objem-l-5345","38":"pa_objem-l-5378","39":"pa_podminky-prace-hd","40":"pa_sirka-mm-5765","41":"pa_sirka-mm-5767","42":"pa_sirka-mm-5769","43":"pa_sirka-mm-5775","44":"pa_sirka-mm-5777","45":"pa_sirka-mm-5782","46":"pa_sirka-mm-5771","47":"pa_sirka-mm-5791","48":"pa_trida-5872","49":"pa_trida-5874","50":"pa_trida-5876","51":"pa_trida-5878","52":"pa_vyrobek-d","54":"first","55":"instock","56":"purchasable","57":"product-type-variable"},"acf":[],"_links":{"self":[{"href":"https:\/\/triga.semtix.eu\/de\/wp-json\/wp\/v2\/product\/9439","targetHints":{"allow":["GET"]}}],"collection":[{"href":"https:\/\/triga.semtix.eu\/de\/wp-json\/wp\/v2\/product"}],"about":[{"href":"https:\/\/triga.semtix.eu\/de\/wp-json\/wp\/v2\/types\/product"}],"replies":[{"embeddable":true,"href":"https:\/\/triga.semtix.eu\/de\/wp-json\/wp\/v2\/comments?post=9439"}],"wp:featuredmedia":[{"embeddable":true,"href":"https:\/\/triga.semtix.eu\/de\/wp-json\/wp\/v2\/media\/6374"}],"wp:attachment":[{"href":"https:\/\/triga.semtix.eu\/de\/wp-json\/wp\/v2\/media?parent=9439"}],"wp:term":[{"taxonomy":"product_brand","embeddable":true,"href":"https:\/\/triga.semtix.eu\/de\/wp-json\/wp\/v2\/product_brand?post=9439"},{"taxonomy":"product_cat","embeddable":true,"href":"https:\/\/triga.semtix.eu\/de\/wp-json\/wp\/v2\/product_cat?post=9439"},{"taxonomy":"product_tag","embeddable":true,"href":"https:\/\/triga.semtix.eu\/de\/wp-json\/wp\/v2\/product_tag?post=9439"}],"curies":[{"name":"wp","href":"https:\/\/api.w.org\/{rel}","templated":true}]}}