{"id":9464,"date":"2025-05-29T11:52:55","date_gmt":"2025-05-29T09:52:55","guid":{"rendered":"https:\/\/triga.semtix.eu\/?post_type=product&#038;p=9464"},"modified":"2025-10-17T10:22:16","modified_gmt":"2025-10-17T08:22:16","slug":"paletisierungsgabeln","status":"publish","type":"product","link":"https:\/\/triga.semtix.eu\/de\/produkt\/paletisierungsgabeln\/","title":{"rendered":"Palettengabel GD"},"content":{"rendered":"","protected":false},"excerpt":{"rendered":"<p>Die Palettengabel PR f\u00fcr normale Bedingungen wird f\u00fcr die Arbeit mit Paletten verschiedener Gr\u00f6\u00dfen oder f\u00fcr die Handhabung von anderem Material verwendet.<\/p>\n","protected":false},"featured_media":6560,"comment_status":"closed","ping_status":"closed","template":"","meta":{"_acf_changed":false},"product_brand":[],"product_cat":[2562],"product_tag":[2564,2565],"class_list":{"0":"post-9464","1":"product","2":"type-product","3":"status-publish","4":"has-post-thumbnail","6":"product_cat-kleine-bagger","7":"product_tag-3-de","8":"product_tag-4-de","9":"pa_druhy-prace-3295","10":"pa_druhy-prace-3298","11":"pa_podminky-prace-gd","12":"pa_trida-5876","13":"pa_trida-5878","15":"first","16":"instock","17":"purchasable","18":"product-type-variable"},"acf":[],"_links":{"self":[{"href":"https:\/\/triga.semtix.eu\/de\/wp-json\/wp\/v2\/product\/9464","targetHints":{"allow":["GET"]}}],"collection":[{"href":"https:\/\/triga.semtix.eu\/de\/wp-json\/wp\/v2\/product"}],"about":[{"href":"https:\/\/triga.semtix.eu\/de\/wp-json\/wp\/v2\/types\/product"}],"replies":[{"embeddable":true,"href":"https:\/\/triga.semtix.eu\/de\/wp-json\/wp\/v2\/comments?post=9464"}],"wp:featuredmedia":[{"embeddable":true,"href":"https:\/\/triga.semtix.eu\/de\/wp-json\/wp\/v2\/media\/6560"}],"wp:attachment":[{"href":"https:\/\/triga.semtix.eu\/de\/wp-json\/wp\/v2\/media?parent=9464"}],"wp:term":[{"taxonomy":"product_brand","embeddable":true,"href":"https:\/\/triga.semtix.eu\/de\/wp-json\/wp\/v2\/product_brand?post=9464"},{"taxonomy":"product_cat","embeddable":true,"href":"https:\/\/triga.semtix.eu\/de\/wp-json\/wp\/v2\/product_cat?post=9464"},{"taxonomy":"product_tag","embeddable":true,"href":"https:\/\/triga.semtix.eu\/de\/wp-json\/wp\/v2\/product_tag?post=9464"}],"curies":[{"name":"wp","href":"https:\/\/api.w.org\/{rel}","templated":true}]}}