{"id":9578,"date":"2025-09-17T17:06:58","date_gmt":"2025-09-17T15:06:58","guid":{"rendered":"https:\/\/triga.semtix.eu\/?post_type=product&#038;p=9578"},"modified":"2025-10-30T11:53:01","modified_gmt":"2025-10-30T10:53:01","slug":"fuellschaufel-hd","status":"publish","type":"product","link":"https:\/\/triga.semtix.eu\/de\/produkt\/fuellschaufel-hd\/","title":{"rendered":"F\u00fcllschaufel HD"},"content":{"rendered":"","protected":false},"excerpt":{"rendered":"<p>Die F\u00fcllschaufel LS f\u00fcr schwere Bedingungen wird beim Verladen und Transportieren von Material eingesetzt.<\/p>\n","protected":false},"featured_media":6359,"comment_status":"closed","ping_status":"closed","template":"","meta":{"_acf_changed":false},"product_brand":[],"product_cat":[2607],"product_tag":[2577,2991,2578,2992],"class_list":{"0":"post-9578","1":"product","2":"type-product","3":"status-publish","4":"has-post-thumbnail","6":"product_cat-kleine-lader","7":"product_tag-5-de","8":"product_tag-5-5-de","9":"product_tag-6-de","10":"product_tag-6-5-de","11":"pa_druhy-prace-3295","12":"pa_komercni-kod-ls-hd-25-1800","13":"pa_komercni-kod-ls-hd-25-1900","14":"pa_komercni-kod-ls-hd-25-2000","15":"pa_komercni-kod-ls-hd-25-2100","16":"pa_komercni-kod-ls-hd-25-2200","17":"pa_komercni-kod-ls-hd-25-2300","18":"pa_komercni-kod-ls-hd-25-2400","19":"pa_komercni-kod-ls-hd-3-1800","20":"pa_komercni-kod-ls-hd-3-1900","21":"pa_komercni-kod-ls-hd-3-2000","22":"pa_komercni-kod-ls-hd-3-2100","23":"pa_komercni-kod-ls-hd-3-2200","24":"pa_komercni-kod-ls-hd-3-2300","25":"pa_komercni-kod-ls-hd-3-2400","26":"pa_komercni-kod-ls-hd-35-1900","27":"pa_komercni-kod-ls-hd-35-2000","28":"pa_komercni-kod-ls-hd-35-2100","29":"pa_komercni-kod-ls-hd-35-2200","30":"pa_komercni-kod-ls-hd-35-2300","31":"pa_komercni-kod-ls-hd-35-2400","32":"pa_objem-do-m3-6090","33":"pa_objem-do-m3-6091","34":"pa_objem-do-m3-6092","35":"pa_objem-do-m3-6093","36":"pa_objem-do-m3-6094","37":"pa_objem-do-m3-6095","38":"pa_objem-do-m3-6096","39":"pa_objem-do-m3-6097","40":"pa_objem-do-m3-6098","41":"pa_objem-do-m3-6099","42":"pa_objem-od-m3-6119","43":"pa_objem-od-m3-6120","44":"pa_objem-od-m3-6121","45":"pa_objem-od-m3-6122","46":"pa_objem-od-m3-6123","47":"pa_objem-od-m3-6124","48":"pa_objem-od-m3-6125","49":"pa_objem-od-m3-6126","50":"pa_objem-od-m3-6127","51":"pa_objem-od-m3-6128","52":"pa_objem-od-m3-6129","53":"pa_objem-od-m3-6138","54":"pa_objem-od-m3-6130","55":"pa_objem-od-m3-6131","56":"pa_objem-od-m3-6132","57":"pa_objem-od-m3-6133","58":"pa_podminky-prace-hd","59":"pa_sirka-mm-5793","60":"pa_sirka-mm-5795","61":"pa_sirka-mm-5797","62":"pa_sirka-mm-5801","63":"pa_sirka-mm-5803","64":"pa_sirka-mm-5807","65":"pa_sirka-mm-5809","66":"pa_trida-5874","67":"pa_trida-6170","68":"pa_trida-5876","69":"pa_trida-6171","70":"pa_trida-5878","71":"pa_trida-6172","73":"first","74":"instock","75":"purchasable","76":"product-type-variable"},"acf":[],"_links":{"self":[{"href":"https:\/\/triga.semtix.eu\/de\/wp-json\/wp\/v2\/product\/9578","targetHints":{"allow":["GET"]}}],"collection":[{"href":"https:\/\/triga.semtix.eu\/de\/wp-json\/wp\/v2\/product"}],"about":[{"href":"https:\/\/triga.semtix.eu\/de\/wp-json\/wp\/v2\/types\/product"}],"replies":[{"embeddable":true,"href":"https:\/\/triga.semtix.eu\/de\/wp-json\/wp\/v2\/comments?post=9578"}],"wp:featuredmedia":[{"embeddable":true,"href":"https:\/\/triga.semtix.eu\/de\/wp-json\/wp\/v2\/media\/6359"}],"wp:attachment":[{"href":"https:\/\/triga.semtix.eu\/de\/wp-json\/wp\/v2\/media?parent=9578"}],"wp:term":[{"taxonomy":"product_brand","embeddable":true,"href":"https:\/\/triga.semtix.eu\/de\/wp-json\/wp\/v2\/product_brand?post=9578"},{"taxonomy":"product_cat","embeddable":true,"href":"https:\/\/triga.semtix.eu\/de\/wp-json\/wp\/v2\/product_cat?post=9578"},{"taxonomy":"product_tag","embeddable":true,"href":"https:\/\/triga.semtix.eu\/de\/wp-json\/wp\/v2\/product_tag?post=9578"}],"curies":[{"name":"wp","href":"https:\/\/api.w.org\/{rel}","templated":true}]}}