{"id":9925,"date":"2025-05-29T11:54:00","date_gmt":"2025-05-29T09:54:00","guid":{"rendered":"https:\/\/triga.semtix.eu\/?post_type=product&#038;p=9925"},"modified":"2025-10-17T10:22:01","modified_gmt":"2025-10-17T08:22:01","slug":"tiefloeffel-sd-reihe","status":"publish","type":"product","link":"https:\/\/triga.semtix.eu\/de\/produkt\/tiefloeffel-sd-reihe\/","title":{"rendered":"Tiefl\u00f6ffel SD"},"content":{"rendered":"","protected":false},"excerpt":{"rendered":"<p>Der Tiefl\u00f6ffel P f\u00fcr anspruchsvolle Bedingungen ist f\u00fcr den Einsatz in sehr schlagfesten, mittelabrasiven Materialien ausgelegt. Graben und Verladen von Materialien mit durchschnittlicher H\u00e4rte wie felsigem Boden und Kalkstein.<\/p>\n","protected":false},"featured_media":6365,"comment_status":"closed","ping_status":"closed","template":"","meta":{"_acf_changed":false},"product_brand":[],"product_cat":[2576],"product_tag":[2577,2578,2579,2581,2580],"class_list":{"0":"post-9925","1":"product","2":"type-product","3":"status-publish","4":"has-post-thumbnail","6":"product_cat-mittlere-bagger","7":"product_tag-5-de","8":"product_tag-6-de","9":"product_tag-7-de","10":"product_tag-8-de","11":"product_tag-9-de","12":"pa_druhy-prace-3297","13":"pa_objem-l-5481","14":"pa_objem-l-5483","15":"pa_objem-l-5347","16":"pa_objem-l-5485","17":"pa_objem-l-5391","18":"pa_objem-l-5487","19":"pa_objem-l-5418","20":"pa_objem-l-5393","21":"pa_objem-l-5395","22":"pa_objem-l-5319","23":"pa_objem-l-5420","24":"pa_objem-l-5397","25":"pa_objem-l-5399","26":"pa_objem-l-5422","27":"pa_objem-l-5439","28":"pa_objem-l-5401","29":"pa_objem-l-5424","30":"pa_objem-l-5451","31":"pa_objem-l-5403","32":"pa_objem-l-5441","33":"pa_objem-l-5473","34":"pa_objem-l-5426","35":"pa_objem-l-5453","36":"pa_objem-l-5428","37":"pa_objem-l-5475","38":"pa_objem-l-5435","39":"pa_objem-l-5455","40":"pa_objem-l-5443","41":"pa_objem-l-5437","42":"pa_objem-l-5477","43":"pa_objem-l-5445","44":"pa_objem-l-5457","45":"pa_objem-l-5479","46":"pa_objem-l-5459","47":"pa_objem-l-5461","48":"pa_objem-l-5463","49":"pa_podminky-prace-sd","50":"pa_sirka-mm-5773","51":"pa_sirka-mm-5805","52":"pa_sirka-mm-5780","53":"pa_sirka-mm-5784","54":"pa_sirka-mm-5786","55":"pa_sirka-mm-5788","56":"pa_sirka-mm-5767","57":"pa_sirka-mm-5769","58":"pa_sirka-mm-5775","59":"pa_sirka-mm-5777","60":"pa_sirka-mm-5782","61":"pa_sirka-mm-5771","62":"pa_sirka-mm-5791","63":"pa_trida-5880","64":"pa_trida-5884","65":"pa_trida-5886","66":"pa_trida-5888","67":"pa_trida-5890","68":"pa_vyrobek-p","70":"first","71":"instock","72":"purchasable","73":"product-type-variable"},"acf":[],"_links":{"self":[{"href":"https:\/\/triga.semtix.eu\/de\/wp-json\/wp\/v2\/product\/9925","targetHints":{"allow":["GET"]}}],"collection":[{"href":"https:\/\/triga.semtix.eu\/de\/wp-json\/wp\/v2\/product"}],"about":[{"href":"https:\/\/triga.semtix.eu\/de\/wp-json\/wp\/v2\/types\/product"}],"replies":[{"embeddable":true,"href":"https:\/\/triga.semtix.eu\/de\/wp-json\/wp\/v2\/comments?post=9925"}],"wp:featuredmedia":[{"embeddable":true,"href":"https:\/\/triga.semtix.eu\/de\/wp-json\/wp\/v2\/media\/6365"}],"wp:attachment":[{"href":"https:\/\/triga.semtix.eu\/de\/wp-json\/wp\/v2\/media?parent=9925"}],"wp:term":[{"taxonomy":"product_brand","embeddable":true,"href":"https:\/\/triga.semtix.eu\/de\/wp-json\/wp\/v2\/product_brand?post=9925"},{"taxonomy":"product_cat","embeddable":true,"href":"https:\/\/triga.semtix.eu\/de\/wp-json\/wp\/v2\/product_cat?post=9925"},{"taxonomy":"product_tag","embeddable":true,"href":"https:\/\/triga.semtix.eu\/de\/wp-json\/wp\/v2\/product_tag?post=9925"}],"curies":[{"name":"wp","href":"https:\/\/api.w.org\/{rel}","templated":true}]}}