{"id":12779,"date":"2026-02-25T10:53:43","date_gmt":"2026-02-25T09:53:43","guid":{"rendered":"https:\/\/triga.semtix.eu\/produkt\/hydraulicke-paletizacni-vidle\/"},"modified":"2026-02-27T13:42:08","modified_gmt":"2026-02-27T12:42:08","slug":"hydraulicke-paletizacni-vidle","status":"publish","type":"product","link":"https:\/\/triga.semtix.eu\/en\/product\/hydraulicke-paletizacni-vidle\/","title":{"rendered":"Hydraulick\u00e9 paletiza\u010dn\u00ed vidle"},"content":{"rendered":"","protected":false},"excerpt":{"rendered":"","protected":false},"featured_media":12792,"comment_status":"closed","ping_status":"closed","template":"","meta":{"_acf_changed":false},"product_brand":[],"product_cat":[9522],"product_tag":[],"class_list":{"0":"post-12779","1":"product","2":"type-product","3":"status-publish","4":"has-post-thumbnail","6":"product_cat-zemedelske-stroje","7":"pa_delka-vidli-1000-1500","8":"pa_komercni-kod-1-pzvh-3-1300-n","9":"pa_komercni-kod-1-pzvh-4-1300-0-n","10":"pa_nosnost-30-50","11":"pa_nosnost-50-80","12":"pa_sirka-desky-9601","13":"pa_trida-226","14":"pa_trida-349","16":"first","17":"instock","18":"purchasable","19":"product-type-variable"},"acf":[],"_links":{"self":[{"href":"https:\/\/triga.semtix.eu\/en\/wp-json\/wp\/v2\/product\/12779","targetHints":{"allow":["GET"]}}],"collection":[{"href":"https:\/\/triga.semtix.eu\/en\/wp-json\/wp\/v2\/product"}],"about":[{"href":"https:\/\/triga.semtix.eu\/en\/wp-json\/wp\/v2\/types\/product"}],"replies":[{"embeddable":true,"href":"https:\/\/triga.semtix.eu\/en\/wp-json\/wp\/v2\/comments?post=12779"}],"wp:featuredmedia":[{"embeddable":true,"href":"https:\/\/triga.semtix.eu\/en\/wp-json\/wp\/v2\/media\/12792"}],"wp:attachment":[{"href":"https:\/\/triga.semtix.eu\/en\/wp-json\/wp\/v2\/media?parent=12779"}],"wp:term":[{"taxonomy":"product_brand","embeddable":true,"href":"https:\/\/triga.semtix.eu\/en\/wp-json\/wp\/v2\/product_brand?post=12779"},{"taxonomy":"product_cat","embeddable":true,"href":"https:\/\/triga.semtix.eu\/en\/wp-json\/wp\/v2\/product_cat?post=12779"},{"taxonomy":"product_tag","embeddable":true,"href":"https:\/\/triga.semtix.eu\/en\/wp-json\/wp\/v2\/product_tag?post=12779"}],"curies":[{"name":"wp","href":"https:\/\/api.w.org\/{rel}","templated":true}]}}